{"id":20531,"date":"2021-03-18T23:37:19","date_gmt":"2021-03-18T21:37:19","guid":{"rendered":"https:\/\/hookahshop.lt\/?post_type=product&#038;p=20531"},"modified":"2026-04-15T12:29:14","modified_gmt":"2026-04-15T09:29:14","slug":"taurele-kaljanui-bigmaks-king","status":"publish","type":"product","link":"https:\/\/hookahshop.lt\/et\/toode\/tass-vesipiip-bigmaks-king\/","title":{"rendered":"Tass vesipiibule BIGMAKS King"},"content":{"rendered":"<h2>Tass vesipiibule BigMaks King<\/h2>\n<p>Tass on valmistatud punasest savist. Meisterlik k\u00e4si potirattal teeb \u00fchest savit\u00fckist ainulaadsed topsid. See on valmistatud klassikalise retsepti j\u00e4rgi, piimas leotades ja ahjus edasi kuumutades. Seet\u00f5ttu kestab sel viisil valmistatud tass palju kauem kui \u00fckski tema kolleeg. See soojeneb \u00fchtlaselt ja hoiab soojust pikka aega ilma segu \u00fclekuumenemata. Mahutavus: 16-19 grammi.<\/p>\n<p><strong>Omadused:<\/strong><br \/>\nK\u00f5rgus: 101 mm.<br \/>\nL\u00e4bim\u00f5\u00f5t (v\u00e4limine): 68 mm.<br \/>\nL\u00e4bim\u00f5\u00f5t (sisemine): 61 mm.<br \/>\nS\u00fcgavus: 16mm.<br \/>\nAva l\u00e4bim\u00f5\u00f5t: 12 mm.<br \/>\nAukude arv: 1 tk.<br \/>\nKaal: umbes 220 g.<\/p>\n<p>Kas teil on k\u00fcsimusi? v\u00f5ta meiega \u00fchendust\u00a0<a href=\"https:\/\/hookahshop.lt\/et\/kontaktid\/\">kontaktide leht<\/a>\u00a0v\u00f5i saatke meile e-kiri aadressil\u00a0<a href=\"https:\/\/facebook.com\/HookahShop.lt\/\" target=\"_blank\" rel=\"noopener noreferrer\">Facebooki konto<\/a>\u00a0ja vastame teie taotlusele samal p\u00e4eval.<\/p>","protected":false},"excerpt":{"rendered":"<p>Kauss vesipiibu jaoks BigMaks King Kauss on valmistatud punasest savist. Meisterlik k\u00e4si pottsepakettal teeb \u00fchest savit\u00fckist ainulaadsed topsid. See on valmistatud klassikalise retsepti j\u00e4rgi, piimas leotades ja ahjus edasi kuumutades. Seet\u00f5ttu kestab sel viisil valmistatud tass palju kauem kui \u00fckski teine samav\u00e4\u00e4rne. See soojeneb \u00fchtlaselt ja hoiab soojust pikka aega ilma segu \u00fclekuumenemata. [\u2026]<\/p>","protected":false},"featured_media":20540,"comment_status":"open","ping_status":"closed","template":"","meta":[],"_links":{"self":[{"href":"https:\/\/hookahshop.lt\/et\/wp-json\/wp\/v2\/product\/20531"}],"collection":[{"href":"https:\/\/hookahshop.lt\/et\/wp-json\/wp\/v2\/product"}],"about":[{"href":"https:\/\/hookahshop.lt\/et\/wp-json\/wp\/v2\/types\/product"}],"replies":[{"embeddable":true,"href":"https:\/\/hookahshop.lt\/et\/wp-json\/wp\/v2\/comments?post=20531"}],"version-history":[{"count":7,"href":"https:\/\/hookahshop.lt\/et\/wp-json\/wp\/v2\/product\/20531\/revisions"}],"predecessor-version":[{"id":29161,"href":"https:\/\/hookahshop.lt\/et\/wp-json\/wp\/v2\/product\/20531\/revisions\/29161"}],"wp:featuredmedia":[{"embeddable":true,"href":"https:\/\/hookahshop.lt\/et\/wp-json\/wp\/v2\/media\/20540"}],"wp:attachment":[{"href":"https:\/\/hookahshop.lt\/et\/wp-json\/wp\/v2\/media?parent=20531"}],"curies":[{"name":"wp","href":"https:\/\/api.w.org\/{rel}","templated":true}]}}