{"id":20535,"date":"2021-03-18T23:47:14","date_gmt":"2021-03-18T21:47:14","guid":{"rendered":"https:\/\/hookahshop.lt\/?post_type=product&#038;p=20535"},"modified":"2026-04-14T23:29:13","modified_gmt":"2026-04-14T20:29:13","slug":"taurele-kaljanui-conceptic-3d-11-juoda","status":"publish","type":"product","link":"https:\/\/hookahshop.lt\/et\/toode\/tass-vesipiip-conceptic-3d-11-must\/","title":{"rendered":"Tass vesipiibule CONCEPTIC 3D-11 Must"},"content":{"rendered":"<h2>Tass vesipiibule CONCEPTIC 3D-11 Must<\/h2>\n<p>Tegemist on phunnel-t\u00fc\u00fcpi esindajaga kaubam\u00e4rgilt Conceptic Design. Toode prinditakse FDM-tehnoloogia abil keraamiliste massidega 3D-printerile, kihiti materjali. See on ainulaadne selle poolest, et selle toote disaini ei saa mingil muul viisil j\u00e4ljendada. Sobib nii kergele kui tugevale suitsetajale. Mahutavus on umbes 11 grammi.<\/p>\n<p><strong>Omadused:<\/strong><br \/>\nK\u00f5rgus: 86 mm.<br \/>\nL\u00e4bim\u00f5\u00f5t (v\u00e4limine): 71 mm.<br \/>\nL\u00e4bim\u00f5\u00f5t (sisemine): 62 mm.<br \/>\nS\u00fcgavus: 12 mm.<br \/>\nAva l\u00e4bim\u00f5\u00f5t: 15 mm.<br \/>\nAukude arv: 1 tk.<br \/>\nKaal: umbes 150 grammi.<\/p>\n<p>Kas teil on k\u00fcsimusi? v\u00f5ta meiega \u00fchendust\u00a0<a href=\"https:\/\/hookahshop.lt\/et\/kontaktid\/\">kontaktide leht<\/a>\u00a0v\u00f5i saatke meile e-kiri aadressil\u00a0<a href=\"https:\/\/facebook.com\/HookahShop.lt\/\" target=\"_blank\" rel=\"noopener noreferrer\">Facebooki konto<\/a>\u00a0ja vastame teie taotlusele samal p\u00e4eval.<\/p>","protected":false},"excerpt":{"rendered":"<p>Vesipiip CONCEPTIC 3D-11 Must See on Conceptic Design kaubam\u00e4rgi phunnel. Toode prinditakse FDM-tehnoloogia abil keraamiliste massidega 3D-printerile, kihiti materjali. See on ainulaadne selle poolest, et selle toote disaini ei saa mingil muul viisil j\u00e4ljendada. Sobib nii kergele kui tugevale suitsetajale. Mahutavus on umbes 11 grammi. Omadused: K\u00f5rgus: 86 [\u2026]<\/p>","protected":false},"featured_media":20536,"comment_status":"open","ping_status":"closed","template":"","meta":[],"_links":{"self":[{"href":"https:\/\/hookahshop.lt\/et\/wp-json\/wp\/v2\/product\/20535"}],"collection":[{"href":"https:\/\/hookahshop.lt\/et\/wp-json\/wp\/v2\/product"}],"about":[{"href":"https:\/\/hookahshop.lt\/et\/wp-json\/wp\/v2\/types\/product"}],"replies":[{"embeddable":true,"href":"https:\/\/hookahshop.lt\/et\/wp-json\/wp\/v2\/comments?post=20535"}],"version-history":[{"count":4,"href":"https:\/\/hookahshop.lt\/et\/wp-json\/wp\/v2\/product\/20535\/revisions"}],"predecessor-version":[{"id":23088,"href":"https:\/\/hookahshop.lt\/et\/wp-json\/wp\/v2\/product\/20535\/revisions\/23088"}],"wp:featuredmedia":[{"embeddable":true,"href":"https:\/\/hookahshop.lt\/et\/wp-json\/wp\/v2\/media\/20536"}],"wp:attachment":[{"href":"https:\/\/hookahshop.lt\/et\/wp-json\/wp\/v2\/media?parent=20535"}],"curies":[{"name":"wp","href":"https:\/\/api.w.org\/{rel}","templated":true}]}}