{"id":20664,"date":"2021-03-23T16:54:39","date_gmt":"2021-03-23T14:54:39","guid":{"rendered":"https:\/\/hookahshop.lt\/?post_type=product&#038;p=20664"},"modified":"2026-04-17T23:29:35","modified_gmt":"2026-04-17T20:29:35","slug":"taurele-kaljanui-japona-hookah-mummy-green","status":"publish","type":"product","link":"https:\/\/hookahshop.lt\/et\/toode\/tass-vesipiip-japona-hookah-mummy-green\/","title":{"rendered":"Tass vesipiibule JAPONA HOOKAH Mummy Green"},"content":{"rendered":"<h2>Vesipiibu tass JAPONA Mummy Green<\/h2>\n<p>See on lihtsalt keraamika meistriteos. Tassi varrel olev n\u00f6\u00f6r on nagu samurai katana k\u00e4epide, r\u00f5hutades kaubam\u00e4rgi enneolematut stiili.<br \/>\nTass on valmistatud punasest savist ja k\u00e4sit\u00f6\u00f6na k\u00e4sitsi valmistatud potirattal.<br \/>\nJaapani vesipiibu muumil on maksimaalne maitse\u00fclekanne, lihtne t\u00f5mme ja puhas kolb. Tassil on serv soojuskambri kindlaks kinnitamiseks. Tubaka maht 15 g<br \/>\nTore, kui see tass teie kollektsioonis on!<\/p>\n<p><strong>Spetsifikatsioonid:<\/strong><br \/>\nK\u00f5rgus: 104 mm<br \/>\nL\u00e4bim\u00f5\u00f5t (v\u00e4limine): 84 mm<br \/>\nL\u00e4bim\u00f5\u00f5t (sisemine): 77 mm<br \/>\nS\u00fcgavus: 15mm<br \/>\nAva l\u00e4bim\u00f5\u00f5t: 15mm<br \/>\nAukude arv: 1 tk.<br \/>\nKaal: umbes 175 g.<\/p>\n<p>Kas teil on k\u00fcsimusi? v\u00f5ta meiega \u00fchendust\u00a0<a href=\"https:\/\/hookahshop.lt\/et\/kontaktid\/\">kontaktide leht<\/a>\u00a0v\u00f5i saatke meile e-kiri aadressil\u00a0<a href=\"https:\/\/facebook.com\/HookahShop.lt\/\" target=\"_blank\" rel=\"noopener noreferrer\">Facebooki konto<\/a>\u00a0ja vastame teie taotlusele samal p\u00e4eval.<\/p>","protected":false},"excerpt":{"rendered":"<p>Vesipiibu tass JAAPAN Mummy Green See on lihtsalt keraamiline meistriteos. Topsi varrel olev n\u00f6\u00f6r on nagu samurai katana k\u00e4epide, mis r\u00f5hutab kaubam\u00e4rgi v\u00f5rratut stiili. Tass on valmistatud punasest savist ja valminud k\u00e4sit\u00f6\u00f6na potikettal. Jaapani Vesipiibu Mummyl on maksimaalne maitse \u00fclekandumine, lihtne s\u00fcvis ja puhas kolb. Tassil on kuumuse tagamiseks serv [\u2026]<\/p>","protected":false},"featured_media":20699,"comment_status":"open","ping_status":"closed","template":"","meta":[],"_links":{"self":[{"href":"https:\/\/hookahshop.lt\/et\/wp-json\/wp\/v2\/product\/20664"}],"collection":[{"href":"https:\/\/hookahshop.lt\/et\/wp-json\/wp\/v2\/product"}],"about":[{"href":"https:\/\/hookahshop.lt\/et\/wp-json\/wp\/v2\/types\/product"}],"replies":[{"embeddable":true,"href":"https:\/\/hookahshop.lt\/et\/wp-json\/wp\/v2\/comments?post=20664"}],"version-history":[{"count":5,"href":"https:\/\/hookahshop.lt\/et\/wp-json\/wp\/v2\/product\/20664\/revisions"}],"predecessor-version":[{"id":33475,"href":"https:\/\/hookahshop.lt\/et\/wp-json\/wp\/v2\/product\/20664\/revisions\/33475"}],"wp:featuredmedia":[{"embeddable":true,"href":"https:\/\/hookahshop.lt\/et\/wp-json\/wp\/v2\/media\/20699"}],"wp:attachment":[{"href":"https:\/\/hookahshop.lt\/et\/wp-json\/wp\/v2\/media?parent=20664"}],"curies":[{"name":"wp","href":"https:\/\/api.w.org\/{rel}","templated":true}]}}