{"id":20830,"date":"2021-03-25T14:10:09","date_gmt":"2021-03-25T12:10:09","guid":{"rendered":"https:\/\/hookahshop.lt\/?post_type=product&#038;p=20830"},"modified":"2026-05-14T23:29:08","modified_gmt":"2026-05-14T20:29:08","slug":"karscio-kamera-na-grani","status":"publish","type":"product","link":"https:\/\/hookahshop.lt\/et\/toode\/soojuskamber-na-grani\/","title":{"rendered":"Soojuskamber NA GRANI"},"content":{"rendered":"<h2>Soojuskamber NA GRANI<\/h2>\n<p>Kasutatakse tassil fooliumi asemel ja h\u00f5lbustab kuumuse reguleerimist.<\/p>\n<p><strong>Spetsifikatsioonid:<\/strong><br \/>\nValmistatud roostevabast terasest<br \/>\nSobib k\u00f5ikidele tassidele (\u00fcmmargused)<br \/>\nV\u00e4lisl\u00e4bim\u00f5\u00f5t: 74 mm<br \/>\nSisemine l\u00e4bim\u00f5\u00f5t: 56 mm<br \/>\nS\u00fcgavus: 24 mm<br \/>\nKaal: 120 g.<\/p>\n<p><strong>Eelised:<\/strong><br \/>\nStiilne ja kvaliteetne;<br \/>\nVastupidav ja usaldusv\u00e4\u00e4rne;<br \/>\nPakub mugavat vesipiibu suitsetamist;<br \/>\nPakitud kaubam\u00e4rgiga puidust karpi.<\/p>\n<p>Kas teil on k\u00fcsimusi? v\u00f5ta meiega \u00fchendust\u00a0<a href=\"https:\/\/hookahshop.lt\/et\/kontaktid\/\">kontaktide leht<\/a>\u00a0v\u00f5i saatke meile e-kiri aadressil\u00a0<a href=\"https:\/\/facebook.com\/HookahShop.lt\/\" target=\"_blank\" rel=\"noopener noreferrer\">Facebooki konto<\/a>\u00a0ja vastame teie taotlusele samal p\u00e4eval.<\/p>","protected":false},"excerpt":{"rendered":"<p>Kar\u0161\u010dio kamera NA GRANI Naudojama vietoj folijos ant taurel\u0117s ir palengvina kar\u0161\u010dio kontrol\u0119. Specifikacijos: Pagamintas i\u0161 ner\u016bdijan\u010dio plieno Tinka visoms taurel\u0117ms (apvalioms) I\u0161orinis skersmuo: 74mm Vidinis skersmuo: 56mm Gylis: 24mm Svoris: 120g. Privalumai: Stilingas ir kokybi\u0161kas; Patvarus ir patikimas; U\u017etikrina patog\u0173 kaljano r\u016bkym\u0105; Supakuotas \u012f firmin\u0119 medin\u0119 d\u0117\u017e\u0119. Turite klausim\u0173? Susisiekite su mumis\u00a0kontakt\u0173 puslapyje\u00a0arba para\u0161ykite [&hellip;]<\/p>","protected":false},"featured_media":20845,"comment_status":"open","ping_status":"closed","template":"","meta":[],"_links":{"self":[{"href":"https:\/\/hookahshop.lt\/et\/wp-json\/wp\/v2\/product\/20830"}],"collection":[{"href":"https:\/\/hookahshop.lt\/et\/wp-json\/wp\/v2\/product"}],"about":[{"href":"https:\/\/hookahshop.lt\/et\/wp-json\/wp\/v2\/types\/product"}],"replies":[{"embeddable":true,"href":"https:\/\/hookahshop.lt\/et\/wp-json\/wp\/v2\/comments?post=20830"}],"version-history":[{"count":7,"href":"https:\/\/hookahshop.lt\/et\/wp-json\/wp\/v2\/product\/20830\/revisions"}],"predecessor-version":[{"id":32453,"href":"https:\/\/hookahshop.lt\/et\/wp-json\/wp\/v2\/product\/20830\/revisions\/32453"}],"wp:featuredmedia":[{"embeddable":true,"href":"https:\/\/hookahshop.lt\/et\/wp-json\/wp\/v2\/media\/20845"}],"wp:attachment":[{"href":"https:\/\/hookahshop.lt\/et\/wp-json\/wp\/v2\/media?parent=20830"}],"curies":[{"name":"wp","href":"https:\/\/api.w.org\/{rel}","templated":true}]}}