{"id":20846,"date":"2021-03-25T15:48:20","date_gmt":"2021-03-25T13:48:20","guid":{"rendered":"https:\/\/hookahshop.lt\/?post_type=product&#038;p=20846"},"modified":"2026-04-18T23:29:12","modified_gmt":"2026-04-18T20:29:12","slug":"znyples-kaljano-anglims-target-venom-xl","status":"publish","type":"product","link":"https:\/\/hookahshop.lt\/et\/toode\/tangid-vesipiibu-target-venom-xl\/","title":{"rendered":"Tangid vesipiibu TARGET Venom XL"},"content":{"rendered":"<h2>Tangid vesipiibu TARGET Venom XL<\/h2>\n<p>Eksootiline ja uuenduslik disain tagab tangide mitmekesisuse kodus. Ka tangide paksus ja materjal valiti teadlikult, et tagada maksimaalne stabiilsus. See on m\u00e4rgatav ka tangide kasutamisel, mida tuleb kasutada suurema j\u00f5uga kui tavalisi s\u00f6etange.<\/p>\n<p><strong>Spetsifikatsioonid:<\/strong><br \/>\nPikkus: 30 cm<br \/>\nMaterjal: roostevaba teras<\/p>\n<p>&nbsp;<\/p>\n<p>Kas teil on k\u00fcsimusi? v\u00f5ta meiega \u00fchendust\u00a0<a href=\"https:\/\/hookahshop.lt\/et\/kontaktid\/\">kontaktide leht<\/a>\u00a0v\u00f5i saatke meile e-kiri aadressil\u00a0<a href=\"https:\/\/facebook.com\/HookahShop.lt\/\" target=\"_blank\" rel=\"noopener noreferrer\">Facebooki konto<\/a>\u00a0ja vastame teie taotlusele samal p\u00e4eval.<\/p>","protected":false},"excerpt":{"rendered":"<p>Vesipiibu s\u00f6etangid TARGET Venom XL Eksootiline ja uuenduslik disain tagab koduste tangide valiku mitmekesisuse. Tangide paksus ja materjal on samuti teadlikult valitud maksimaalse stabiilsuse tagamiseks. See on m\u00e4rgatav ka tangide juhtimisel, mida tuleb juhtida suurema j\u00f5uga kui tavalisi s\u00f6etange. Spetsifikatsioonid: Pikkus: 30 cm Materjal: Roostevaba teras Kas teil on k\u00fcsimusi? [\u2026]<\/p>","protected":false},"featured_media":21693,"comment_status":"open","ping_status":"closed","template":"","meta":[],"_links":{"self":[{"href":"https:\/\/hookahshop.lt\/et\/wp-json\/wp\/v2\/product\/20846"}],"collection":[{"href":"https:\/\/hookahshop.lt\/et\/wp-json\/wp\/v2\/product"}],"about":[{"href":"https:\/\/hookahshop.lt\/et\/wp-json\/wp\/v2\/types\/product"}],"replies":[{"embeddable":true,"href":"https:\/\/hookahshop.lt\/et\/wp-json\/wp\/v2\/comments?post=20846"}],"version-history":[{"count":4,"href":"https:\/\/hookahshop.lt\/et\/wp-json\/wp\/v2\/product\/20846\/revisions"}],"predecessor-version":[{"id":29415,"href":"https:\/\/hookahshop.lt\/et\/wp-json\/wp\/v2\/product\/20846\/revisions\/29415"}],"wp:featuredmedia":[{"embeddable":true,"href":"https:\/\/hookahshop.lt\/et\/wp-json\/wp\/v2\/media\/21693"}],"wp:attachment":[{"href":"https:\/\/hookahshop.lt\/et\/wp-json\/wp\/v2\/media?parent=20846"}],"curies":[{"name":"wp","href":"https:\/\/api.w.org\/{rel}","templated":true}]}}