{"id":20855,"date":"2021-03-25T18:43:44","date_gmt":"2021-03-25T16:43:44","guid":{"rendered":"https:\/\/hookahshop.lt\/?post_type=product&#038;p=20855"},"modified":"2026-04-18T23:28:36","modified_gmt":"2026-04-18T20:28:36","slug":"anglys-kaljanui-wugil-25mm-1kg","status":"publish","type":"product","link":"https:\/\/hookahshop.lt\/et\/toode\/kivisusi-vesipiip-wugil-25mm-1kg\/","title":{"rendered":"S\u00fcsi vesipiibule WUGIL 25mm 1kg"},"content":{"rendered":"<h2>S\u00fcsi vesipiibule WUGIL 25mm 1kg<\/h2>\n<p>Valmistatud kreeka p\u00e4hkli koorest. See on uus mahetoode vesipiipude maailmas. Wugil. S\u00fcsi on valmistatud kreeka p\u00e4hkli koortest ilma keemiliste lisanditeta, mis v\u00f5imaldab t\u00e4ielikult vabaneda s\u00f6e l\u00f5hnast ja maitsest. See s\u00fcsi hoiab suurep\u00e4raselt soojust. Kreeka p\u00e4hklis\u00fctt peetakse igas m\u00f5ttes ohutumaks kui klassikaline. V\u00f5ib \u00f6elda, et tegemist on uue sammuga keskkonnas\u00f5braliku vesipiibus\u00f6e tootmisel.<\/p>\n<p><strong>Spetsifikatsioon:<\/strong><br \/>\n\u00dche s\u00fcsiniku m\u00f5\u00f5dud: 25x25x25mm.<br \/>\nT\u00e4pne kaal: 1100 kg<br \/>\nKarbis on 80 s\u00fcsinikku.<br \/>\nEi sisalda keemilisi lisandeid.<br \/>\nSuitsetamisel ei muutu l\u00f5hn ega maitse.<br \/>\nS\u00f6e p\u00f5letamiseks vajate vesipiibu, turistide gaasipliidi vms jaoks elektrilist pliiti.<\/p>\n<p><strong>Meie isiklik arvamus j\u00e4rgmise kivis\u00f6e kohta: <\/strong>Nende parkimisel pole l\u00f5hna, mis on koduse s\u00f6ega p\u00e4evitamise suur pluss. Tuha kogus on v\u00f5rreldes tavap\u00e4rase kivis\u00f6ega veidi suurem, mist\u00f5ttu tuleb seda tavap\u00e4rasest sagedamini raputada. Nende s\u00f6e soojussisaldus on veidi v\u00e4iksem, kui tuhka harvemini raputada.<\/p>\n<p>Kas teil on k\u00fcsimusi? v\u00f5ta meiega \u00fchendust <a href=\"https:\/\/hookahshop.lt\/et\/kontaktid\/\">kontaktide leht<\/a> v\u00f5i saatke meile e-kiri aadressil <a href=\"https:\/\/facebook.com\/HookahShop.lt\/\" target=\"_blank\" rel=\"noopener noreferrer\">Facebooki konto<\/a> ja vastame teie taotlusele samal p\u00e4eval.<\/p>","protected":false},"excerpt":{"rendered":"<p>S\u00fcsi vesipiibu jaoks WUGIL 25mm 1kg Valmistatud kreeka p\u00e4hkli koorest. See on uus, keskkonnas\u00f5bralik toode vesipiipude maailmas. Wugil. S\u00fcsi on valmistatud kreeka p\u00e4hkli koortest ilma keemiliste lisanditeta, mis v\u00f5imaldab teil t\u00e4ielikult vabaneda s\u00f6e l\u00f5hnast ja maitsest. See s\u00fcsi hoiab suurep\u00e4raselt soojust. Kreeka p\u00e4hklis\u00fctt peetakse igas m\u00f5ttes ohutumaks kui klassikaline. V\u00f5ib \u00f6elda, et see on keskkonna jaoks uus [\u2026]<\/p>","protected":false},"featured_media":20856,"comment_status":"open","ping_status":"closed","template":"","meta":[],"_links":{"self":[{"href":"https:\/\/hookahshop.lt\/et\/wp-json\/wp\/v2\/product\/20855"}],"collection":[{"href":"https:\/\/hookahshop.lt\/et\/wp-json\/wp\/v2\/product"}],"about":[{"href":"https:\/\/hookahshop.lt\/et\/wp-json\/wp\/v2\/types\/product"}],"replies":[{"embeddable":true,"href":"https:\/\/hookahshop.lt\/et\/wp-json\/wp\/v2\/comments?post=20855"}],"version-history":[{"count":12,"href":"https:\/\/hookahshop.lt\/et\/wp-json\/wp\/v2\/product\/20855\/revisions"}],"predecessor-version":[{"id":31147,"href":"https:\/\/hookahshop.lt\/et\/wp-json\/wp\/v2\/product\/20855\/revisions\/31147"}],"wp:featuredmedia":[{"embeddable":true,"href":"https:\/\/hookahshop.lt\/et\/wp-json\/wp\/v2\/media\/20856"}],"wp:attachment":[{"href":"https:\/\/hookahshop.lt\/et\/wp-json\/wp\/v2\/media?parent=20855"}],"curies":[{"name":"wp","href":"https:\/\/api.w.org\/{rel}","templated":true}]}}