{"id":20896,"date":"2021-03-26T13:37:07","date_gmt":"2021-03-26T11:37:07","guid":{"rendered":"https:\/\/hookahshop.lt\/?post_type=product&#038;p=20896"},"modified":"2026-04-17T16:33:22","modified_gmt":"2026-04-17T13:33:22","slug":"taurele-kaljanui-oblako-killer-glazed-green-marble","status":"publish","type":"product","link":"https:\/\/hookahshop.lt\/et\/toode\/tass-vesipiip-oblako-killer-glazed-green-marble\/","title":{"rendered":"Tass vesipiibule OBLAKO Killer Glasuuritud roheline marmor"},"content":{"rendered":"<h2>Tass vesipiibule OBLAKO Killer Glasuuritud roheline marmor<\/h2>\n<p>See on klassikaline klaasitud tass, mis sobib igat t\u00fc\u00fcpi tubakale, minimaalseks kuumuse kontrollimiseks!<br \/>\nTass on kaetud glasuuriga, t\u00e4nu millele suudab see pikka aega s\u00e4ilitada oma algsed omadused ja v\u00e4limuse. OBLAKO kasutab ainult inims\u00f5bralikku toiduglasuuri, mille on v\u00e4lja t\u00f6\u00f6tanud partnerid spetsialiseeritud laborites Gzhelskoje, mis on \u00fcks Venemaa traditsioonilisi keraamikatootmise keskusi.<\/p>\n<p>Tassit\u00e4is tubakat mahutab 25-30 g.<\/p>\n<p>Spetsifikatsioonid:<br \/>\nK\u00f5rgus: 120mm<br \/>\nL\u00e4bim\u00f5\u00f5t (v\u00e4limine): 72 mm<br \/>\nL\u00e4bim\u00f5\u00f5t (sisemine): 62mm<br \/>\nS\u00fcgavus: 15mm<br \/>\nAva l\u00e4bim\u00f5\u00f5t: 8mm<br \/>\nAukude arv: 5<br \/>\nKaal: umbes 197 g.<\/p>\n<p>Kas teil on k\u00fcsimusi? v\u00f5ta meiega \u00fchendust\u00a0<a href=\"https:\/\/hookahshop.lt\/et\/kontaktid\/\">kontaktide leht<\/a>\u00a0v\u00f5i saatke meile e-kiri aadressil\u00a0<a href=\"https:\/\/facebook.com\/HookahShop.lt\/\" target=\"_blank\" rel=\"noopener noreferrer\">Facebooki konto<\/a>\u00a0ja vastame teie taotlusele samal p\u00e4eval.<\/p>","protected":false},"excerpt":{"rendered":"<p>Vesipiibu OBLAKO Killer Glazed Green Marble See on klassikaline glasuuritud tass, mis sobib igat t\u00fc\u00fcpi tubaka jaoks minimaalse kuumuse kontrollimiseks! Tass on kaetud glasuuriga, t\u00e4nu millele suudab see kaua s\u00e4ilitada oma esialgsed omadused ja v\u00e4limus. OBLAKO kasutab ainult inims\u00f5bralikku toiduglasuuri, mille on v\u00e4lja t\u00f6\u00f6tanud partnerid spetsialiseeritud laborites, mis asuvad Gzhelskojes, \u00fches Venemaa traditsioonilises keraamikatootmiskeskuses. Tass tubakat [\u2026]<\/p>","protected":false},"featured_media":20897,"comment_status":"open","ping_status":"closed","template":"","meta":[],"_links":{"self":[{"href":"https:\/\/hookahshop.lt\/et\/wp-json\/wp\/v2\/product\/20896"}],"collection":[{"href":"https:\/\/hookahshop.lt\/et\/wp-json\/wp\/v2\/product"}],"about":[{"href":"https:\/\/hookahshop.lt\/et\/wp-json\/wp\/v2\/types\/product"}],"replies":[{"embeddable":true,"href":"https:\/\/hookahshop.lt\/et\/wp-json\/wp\/v2\/comments?post=20896"}],"version-history":[{"count":3,"href":"https:\/\/hookahshop.lt\/et\/wp-json\/wp\/v2\/product\/20896\/revisions"}],"predecessor-version":[{"id":37922,"href":"https:\/\/hookahshop.lt\/et\/wp-json\/wp\/v2\/product\/20896\/revisions\/37922"}],"wp:featuredmedia":[{"embeddable":true,"href":"https:\/\/hookahshop.lt\/et\/wp-json\/wp\/v2\/media\/20897"}],"wp:attachment":[{"href":"https:\/\/hookahshop.lt\/et\/wp-json\/wp\/v2\/media?parent=20896"}],"curies":[{"name":"wp","href":"https:\/\/api.w.org\/{rel}","templated":true}]}}