{"id":20937,"date":"2021-03-26T18:55:58","date_gmt":"2021-03-26T16:55:58","guid":{"rendered":"https:\/\/hookahshop.lt\/?post_type=product&#038;p=20937"},"modified":"2026-04-08T13:49:48","modified_gmt":"2026-04-08T10:49:48","slug":"taurele-kaljanui-oblako-phunnel-l-glazed-orange-cosmo","status":"publish","type":"product","link":"https:\/\/hookahshop.lt\/et\/toode\/tass-vesipiip-oblako-phunnel-l-glazed-orange-cosmo\/","title":{"rendered":"Tass vesipiibule OBLAKO Phunnel L Glasuuritud oran\u017e Cosmo"},"content":{"rendered":"<h2>Tass vesipiibule OBLAKO Phunnel L Glasuuritud oran\u017e Cosmo<\/h2>\n<p>See on glasuuritud igap\u00e4evaseks suitsetamiseks, ideaalne kerge ja raske tubaka jaoks!<\/p>\n<p>Tass on kaetud glasuuriga, t\u00e4nu millele suudab see pikka aega s\u00e4ilitada oma algsed omadused ja v\u00e4limuse. OBLAKO kasutab ainult inims\u00f5bralikku toiduglasuuri, mille on v\u00e4lja t\u00f6\u00f6tanud partnerid spetsialiseeritud laborites Gzhelskoje, mis on \u00fcks Venemaa traditsioonilisi keraamikatootmise keskusi.<\/p>\n<p>Tassit\u00e4is tubakat mahutab 20\u201323 g.<\/p>\n<p><strong>Spetsifikatsioonid:<\/strong><br \/>\nK\u00f5rgus: 118 mm<br \/>\nL\u00e4bim\u00f5\u00f5t (v\u00e4limine): 74 mm<br \/>\nL\u00e4bim\u00f5\u00f5t (sisemine): 68 mm<br \/>\nS\u00fcgavus: 12 mm<br \/>\nAva l\u00e4bim\u00f5\u00f5t: 12 mm<br \/>\nAukude arv: 1<br \/>\nKaal: umbes 182 g.<\/p>\n<p>Kas teil on k\u00fcsimusi? v\u00f5ta meiega \u00fchendust\u00a0<a href=\"https:\/\/hookahshop.lt\/et\/kontaktid\/\">kontaktide leht<\/a>\u00a0v\u00f5i saatke meile e-kiri aadressil\u00a0<a href=\"https:\/\/facebook.com\/HookahShop.lt\/\" target=\"_blank\" rel=\"noopener noreferrer\">Facebooki konto<\/a>\u00a0ja vastame teie taotlusele samal p\u00e4eval.<\/p>\n<p>&nbsp;<\/p>\n<p>&nbsp;<\/p>","protected":false},"excerpt":{"rendered":"<p>Vesipiip OBLAKO Phunnel L Glazed Orange Cosmo See on glasuuritud igap\u00e4evaseks suitsetamiseks, ideaalne kerge ja raske tubaka jaoks! Tass on kaetud glasuuriga, t\u00e4nu millele suudab see kaua s\u00e4ilitada oma esialgsed omadused ja v\u00e4limus. OBLAKO kasutab ainult inims\u00f5bralikku toiduglasuuri, mille on v\u00e4lja t\u00f6\u00f6tanud partnerid spetsialiseeritud laborites, mis asuvad Gzhelskojes, \u00fches Venemaa traditsioonilises keraamikatootmiskeskuses. [\u2026]<\/p>","protected":false},"featured_media":20938,"comment_status":"open","ping_status":"closed","template":"","meta":[],"_links":{"self":[{"href":"https:\/\/hookahshop.lt\/et\/wp-json\/wp\/v2\/product\/20937"}],"collection":[{"href":"https:\/\/hookahshop.lt\/et\/wp-json\/wp\/v2\/product"}],"about":[{"href":"https:\/\/hookahshop.lt\/et\/wp-json\/wp\/v2\/types\/product"}],"replies":[{"embeddable":true,"href":"https:\/\/hookahshop.lt\/et\/wp-json\/wp\/v2\/comments?post=20937"}],"version-history":[{"count":3,"href":"https:\/\/hookahshop.lt\/et\/wp-json\/wp\/v2\/product\/20937\/revisions"}],"predecessor-version":[{"id":29548,"href":"https:\/\/hookahshop.lt\/et\/wp-json\/wp\/v2\/product\/20937\/revisions\/29548"}],"wp:featuredmedia":[{"embeddable":true,"href":"https:\/\/hookahshop.lt\/et\/wp-json\/wp\/v2\/media\/20938"}],"wp:attachment":[{"href":"https:\/\/hookahshop.lt\/et\/wp-json\/wp\/v2\/media?parent=20937"}],"curies":[{"name":"wp","href":"https:\/\/api.w.org\/{rel}","templated":true}]}}