{"id":20992,"date":"2021-03-29T18:39:59","date_gmt":"2021-03-29T15:39:59","guid":{"rendered":"https:\/\/hookahshop.lt\/?post_type=product&#038;p=20992"},"modified":"2026-04-15T23:29:07","modified_gmt":"2026-04-15T20:29:07","slug":"lekste-kaljanui-alpha-hookah-dragon-vs-tiger","status":"publish","type":"product","link":"https:\/\/hookahshop.lt\/et\/toode\/taldrik-vesipiibulealfa-vesipiip-draakon-vs-tiiger\/","title":{"rendered":"Taldrik vesipiibule ALPHA HOOKAH Dragon VS Tiger"},"content":{"rendered":"<h2>Taldrik vesipiibule ALPHA HOOKAH Dragon VS Tiger<\/h2>\n<p>See toode sobib erinevatele vesipiibudele mitte ainult tootjalt Alpha Hookah, kontrollige enne vesipiibutaldriku toote ostmist, kas vesipiibu spetsifikatsioonid vastavad selle toote spetsifikatsioonidele.<\/p>\n<p>Spetsifikatsioonid:<br \/>\nL\u00e4bim\u00f5\u00f5t: umbes 19,7 cm,<br \/>\nAva l\u00e4bim\u00f5\u00f5t: umbes 2,1 cm,<br \/>\nPaksus: umbes 1,3 cm<\/p>\n<p>Kas teil on k\u00fcsimusi? v\u00f5ta meiega \u00fchendust\u00a0<a href=\"https:\/\/hookahshop.lt\/et\/kontaktid\/\">kontaktide leht<\/a>\u00a0v\u00f5i saatke meile e-kiri aadressil\u00a0<a href=\"https:\/\/facebook.com\/HookahShop.lt\/\" target=\"_blank\" rel=\"noopener noreferrer\">Facebooki konto<\/a>\u00a0ja vastame teie taotlusele samal p\u00e4eval.<\/p>","protected":false},"excerpt":{"rendered":"<p>Vesipiibu taldrik ALPHA HOOKAH Dragon VS Tiger See toode sobib erinevatele vesipiipudele, mitte ainult Alpha Hookah&#039;st. Tehnilised andmed: l\u00e4bim\u00f5\u00f5t: umbes 19,7 cm, augu l\u00e4bim\u00f5\u00f5t: umbes 2,1 cm, paksus: umbes 1,3 cm, k\u00fcsimusi? V\u00f5tke meiega \u00fchendust kontaktide lehel v\u00f5i kirjutage meile oma Facebooki kontol ja me vastame [\u2026]<\/p>","protected":false},"featured_media":21734,"comment_status":"open","ping_status":"closed","template":"","meta":[],"_links":{"self":[{"href":"https:\/\/hookahshop.lt\/et\/wp-json\/wp\/v2\/product\/20992"}],"collection":[{"href":"https:\/\/hookahshop.lt\/et\/wp-json\/wp\/v2\/product"}],"about":[{"href":"https:\/\/hookahshop.lt\/et\/wp-json\/wp\/v2\/types\/product"}],"replies":[{"embeddable":true,"href":"https:\/\/hookahshop.lt\/et\/wp-json\/wp\/v2\/comments?post=20992"}],"version-history":[{"count":3,"href":"https:\/\/hookahshop.lt\/et\/wp-json\/wp\/v2\/product\/20992\/revisions"}],"predecessor-version":[{"id":25683,"href":"https:\/\/hookahshop.lt\/et\/wp-json\/wp\/v2\/product\/20992\/revisions\/25683"}],"wp:featuredmedia":[{"embeddable":true,"href":"https:\/\/hookahshop.lt\/et\/wp-json\/wp\/v2\/media\/21734"}],"wp:attachment":[{"href":"https:\/\/hookahshop.lt\/et\/wp-json\/wp\/v2\/media?parent=20992"}],"curies":[{"name":"wp","href":"https:\/\/api.w.org\/{rel}","templated":true}]}}