{"id":21011,"date":"2021-03-29T19:05:42","date_gmt":"2021-03-29T16:05:42","guid":{"rendered":"https:\/\/hookahshop.lt\/?post_type=product&#038;p=21011"},"modified":"2026-04-10T12:51:31","modified_gmt":"2026-04-10T09:51:31","slug":"lekste-kaljanui-edelstahl-classic","status":"publish","type":"product","link":"https:\/\/hookahshop.lt\/et\/toode\/taldrik-vesipiibuleedelstahl-klassika\/","title":{"rendered":"Taldrik vesipiibule EDELSTAHL Classic"},"content":{"rendered":"<h2>Taldrik vesipiibule EDELSTAHL Classic<\/h2>\n<p>Enne vesipiibu toote ostmist kontrollige, kas vesipiibu tehnilised andmed vastavad selle toote spetsifikatsioonidele.<\/p>\n<p>Spetsifikatsioonid:<br \/>\nL\u00e4bim\u00f5\u00f5t: umbes 20,5 cm,<br \/>\nAva l\u00e4bim\u00f5\u00f5t: umbes 2,1 cm,<\/p>\n<p>Kas teil on k\u00fcsimusi? v\u00f5ta meiega \u00fchendust\u00a0<a href=\"https:\/\/hookahshop.lt\/et\/kontaktid\/\">kontaktide leht<\/a>\u00a0v\u00f5i saatke meile e-kiri aadressil\u00a0<a href=\"https:\/\/facebook.com\/HookahShop.lt\/\" target=\"_blank\" rel=\"noopener noreferrer\">Facebooki konto<\/a>\u00a0ja vastame teie taotlusele samal p\u00e4eval.<\/p>","protected":false},"excerpt":{"rendered":"<p>Vesipiibuplaat EDELSTAHL Classic Enne vesipiibutaldriku ostmist kontrolli, kas vesipiibu tehnilised andmed vastavad selle toote spetsifikatsioonidele. Tehnilised andmed: l\u00e4bim\u00f5\u00f5t: umbes 20,5 cm, augu l\u00e4bim\u00f5\u00f5t: umbes 2,1 cm, k\u00fcsimusi? V\u00f5tke meiega \u00fchendust kontaktide lehel v\u00f5i kirjutage meile oma Facebooki kontol ja vastame teie p\u00e4ringule samal p\u00e4eval.<\/p>","protected":false},"featured_media":21708,"comment_status":"open","ping_status":"closed","template":"","meta":[],"_links":{"self":[{"href":"https:\/\/hookahshop.lt\/et\/wp-json\/wp\/v2\/product\/21011"}],"collection":[{"href":"https:\/\/hookahshop.lt\/et\/wp-json\/wp\/v2\/product"}],"about":[{"href":"https:\/\/hookahshop.lt\/et\/wp-json\/wp\/v2\/types\/product"}],"replies":[{"embeddable":true,"href":"https:\/\/hookahshop.lt\/et\/wp-json\/wp\/v2\/comments?post=21011"}],"version-history":[{"count":4,"href":"https:\/\/hookahshop.lt\/et\/wp-json\/wp\/v2\/product\/21011\/revisions"}],"predecessor-version":[{"id":43107,"href":"https:\/\/hookahshop.lt\/et\/wp-json\/wp\/v2\/product\/21011\/revisions\/43107"}],"wp:featuredmedia":[{"embeddable":true,"href":"https:\/\/hookahshop.lt\/et\/wp-json\/wp\/v2\/media\/21708"}],"wp:attachment":[{"href":"https:\/\/hookahshop.lt\/et\/wp-json\/wp\/v2\/media?parent=21011"}],"curies":[{"name":"wp","href":"https:\/\/api.w.org\/{rel}","templated":true}]}}