{"id":21030,"date":"2021-03-30T20:48:27","date_gmt":"2021-03-30T17:48:27","guid":{"rendered":"https:\/\/hookahshop.lt\/?post_type=product&#038;p=21030"},"modified":"2026-05-13T13:51:58","modified_gmt":"2026-05-13T10:51:58","slug":"sakute-kaljano-tabakui-nili-hookah-aquaman-3-bronze","status":"publish","type":"product","link":"https:\/\/hookahshop.lt\/et\/toode\/kahvel-tubaka-nili-hookah-aquaman-3-bronze\/","title":{"rendered":"Kahvel tubaka NILI HOOKAH Aquaman 3 Pronks"},"content":{"rendered":"<h2>Kahvel tubaka NILI HOOKAH Aquaman 3 Pronks<\/h2>\n<p>Tubakakahvel on valmistatud Poseidoni trident terasest ja v\u00e4rvitud pronksist. Tubakakahvel lihtsustab vesipiibu valmistamist. Kahvli abil on mugav tubakas pakendist v\u00e4lja v\u00f5tta, raputada ja k\u00e4si m\u00e4\u00e4rimata tassi panna.<\/p>\n<p><strong>Spetsifikatsioonid:<\/strong><br \/>\nPikkus: 130mm.<br \/>\nKaal: umbes 15 grammi.<\/p>\n<p>Kas teil on k\u00fcsimusi? v\u00f5ta meiega \u00fchendust\u00a0<a href=\"https:\/\/hookahshop.lt\/et\/kontaktid\/\">kontaktide leht<\/a>\u00a0v\u00f5i saatke meile e-kiri aadressil\u00a0<a href=\"https:\/\/facebook.com\/HookahShop.lt\/\" target=\"_blank\" rel=\"noopener noreferrer\">Facebooki konto<\/a>\u00a0ja vastame teie taotlusele samal p\u00e4eval.<\/p>","protected":false},"excerpt":{"rendered":"<p>Vesipiibu tubakakahvel NILI HOOKAH Aquaman 3 Bronze Tubakakahvel on valmistatud Poseidoni trident terasest ja v\u00e4rvitud pronksist. Tubakakahvel lihtsustab vesipiibu valmistamist. Kahvli abil on mugav tubakas pakendist v\u00e4lja v\u00f5tta, raputada ja k\u00e4si m\u00e4\u00e4rimata tassi panna. Tehnilised andmed: Pikkus: 130mm. Kaal: umbes 15 grammi. Kas teil on k\u00fcsimusi? V\u00f5tke meiega \u00fchendust kontaktide lehel v\u00f5i kirjutage [\u2026]<\/p>","protected":false},"featured_media":21031,"comment_status":"open","ping_status":"closed","template":"","meta":[],"_links":{"self":[{"href":"https:\/\/hookahshop.lt\/et\/wp-json\/wp\/v2\/product\/21030"}],"collection":[{"href":"https:\/\/hookahshop.lt\/et\/wp-json\/wp\/v2\/product"}],"about":[{"href":"https:\/\/hookahshop.lt\/et\/wp-json\/wp\/v2\/types\/product"}],"replies":[{"embeddable":true,"href":"https:\/\/hookahshop.lt\/et\/wp-json\/wp\/v2\/comments?post=21030"}],"version-history":[{"count":5,"href":"https:\/\/hookahshop.lt\/et\/wp-json\/wp\/v2\/product\/21030\/revisions"}],"predecessor-version":[{"id":23472,"href":"https:\/\/hookahshop.lt\/et\/wp-json\/wp\/v2\/product\/21030\/revisions\/23472"}],"wp:featuredmedia":[{"embeddable":true,"href":"https:\/\/hookahshop.lt\/et\/wp-json\/wp\/v2\/media\/21031"}],"wp:attachment":[{"href":"https:\/\/hookahshop.lt\/et\/wp-json\/wp\/v2\/media?parent=21030"}],"curies":[{"name":"wp","href":"https:\/\/api.w.org\/{rel}","templated":true}]}}