{"id":21034,"date":"2021-03-30T20:57:33","date_gmt":"2021-03-30T17:57:33","guid":{"rendered":"https:\/\/hookahshop.lt\/?post_type=product&#038;p=21034"},"modified":"2026-04-18T23:28:36","modified_gmt":"2026-04-18T20:28:36","slug":"apsauginis-sietelis-kaljanui-blade-hookah","status":"publish","type":"product","link":"https:\/\/hookahshop.lt\/et\/toode\/kaitsev-soel-vesipiip-tera-vesipiip\/","title":{"rendered":"Kaitses\u00f5el vesipiibule TERA HOOKAH"},"content":{"rendered":"<h2>Kaitses\u00f5el vesipiibule TERA HOOKAH<\/h2>\n<p>S\u00f5el on valmistatud tugeva v\u00f5rguga roostevabast terasest. T\u00e4nu oma k\u00f5rgusele sobib see mugavalt enamiku turul pakutavate vesipiipudega. See ei lase s\u00f6el kodus suitsetamise ajal kogemata teie v\u00e4\u00e4rtuslikku vara p\u00f5letada.<\/p>\n<p>Kas teil on k\u00fcsimusi? v\u00f5ta meiega \u00fchendust\u00a0<a href=\"https:\/\/hookahshop.lt\/et\/kontaktid\/\">kontaktide leht<\/a>\u00a0v\u00f5i saatke meile e-kiri aadressil\u00a0<a href=\"https:\/\/facebook.com\/HookahShop.lt\/\" target=\"_blank\" rel=\"noopener noreferrer\">Facebooki konto<\/a>\u00a0ja vastame teie taotlusele samal p\u00e4eval.<\/p>","protected":false},"excerpt":{"rendered":"<p>Vesipiibu kaitses\u00f5el BLADE HOOKAH S\u00f5el on valmistatud tugeva v\u00f5rguga roostevabast terasest. T\u00e4nu oma k\u00f5rgusele sobib see mugavalt enamiku turul pakutavate vesipiipudega. See ei lase s\u00f6el kodus suitsetamise ajal kogemata teie v\u00e4\u00e4rtuslikku vara p\u00f5letada. Kas teil on k\u00fcsimusi? V\u00f5tke meiega \u00fchendust kontaktide lehel v\u00f5i kirjutage meile oma Facebooki kontol ja vastame teie p\u00e4ringule samal p\u00e4eval.<\/p>","protected":false},"featured_media":21036,"comment_status":"open","ping_status":"closed","template":"","meta":[],"_links":{"self":[{"href":"https:\/\/hookahshop.lt\/et\/wp-json\/wp\/v2\/product\/21034"}],"collection":[{"href":"https:\/\/hookahshop.lt\/et\/wp-json\/wp\/v2\/product"}],"about":[{"href":"https:\/\/hookahshop.lt\/et\/wp-json\/wp\/v2\/types\/product"}],"replies":[{"embeddable":true,"href":"https:\/\/hookahshop.lt\/et\/wp-json\/wp\/v2\/comments?post=21034"}],"version-history":[{"count":4,"href":"https:\/\/hookahshop.lt\/et\/wp-json\/wp\/v2\/product\/21034\/revisions"}],"predecessor-version":[{"id":29488,"href":"https:\/\/hookahshop.lt\/et\/wp-json\/wp\/v2\/product\/21034\/revisions\/29488"}],"wp:featuredmedia":[{"embeddable":true,"href":"https:\/\/hookahshop.lt\/et\/wp-json\/wp\/v2\/media\/21036"}],"wp:attachment":[{"href":"https:\/\/hookahshop.lt\/et\/wp-json\/wp\/v2\/media?parent=21034"}],"curies":[{"name":"wp","href":"https:\/\/api.w.org\/{rel}","templated":true}]}}