{"id":21039,"date":"2021-03-30T21:08:46","date_gmt":"2021-03-30T18:08:46","guid":{"rendered":"https:\/\/hookahshop.lt\/?post_type=product&#038;p=21039"},"modified":"2026-05-13T13:52:06","modified_gmt":"2026-05-13T10:52:06","slug":"taurele-kaljanui-kong-panda","status":"publish","type":"product","link":"https:\/\/hookahshop.lt\/et\/toode\/tass-vesipiip-kong-panda\/","title":{"rendered":"Tass vesipiibule KONG Panda"},"content":{"rendered":"<h2>Tass vesipiibule KONG Panda<\/h2>\n<p>Tass on eksklusiivse disainiga Kong Panda kujutisega. Tass taastoodab suurep\u00e4raselt maitset ja v\u00f5imaldab nautida vesipiibu pakutavaid naudinguid. Tass jaotab soojust ideaalselt, nii et tubakas p\u00f5leb \u00fchtlaselt. Tass sobib nii heledale kui tumedale tubakale. Mahutavus on umbes 19 - 23 grammi.<\/p>\n<p>Kas teil on k\u00fcsimusi? v\u00f5ta meiega \u00fchendust\u00a0<a href=\"https:\/\/hookahshop.lt\/et\/kontaktid\/\">kontaktide leht<\/a>\u00a0v\u00f5i saatke meile e-kiri aadressil\u00a0<a href=\"https:\/\/facebook.com\/HookahShop.lt\/\" target=\"_blank\" rel=\"noopener noreferrer\">Facebooki konto<\/a>\u00a0ja vastame teie taotlusele samal p\u00e4eval.<\/p>","protected":false},"excerpt":{"rendered":"<p>Vesipiibu tass KONG Panda Tass on eksklusiivse disainiga Kong Panda kujutisega. Tass taastoodab suurep\u00e4raselt maitset ja v\u00f5imaldab nautida vesipiibu m\u00f5nusid. Tass jaotab soojust ideaalselt, nii et tubakas p\u00f5leb \u00fchtlaselt. Tass sobib nii heledale kui tumedale tubakale. Mahutavus on umbes 19 - 23 grammi. Kas teil on k\u00fcsimusi? V\u00f5tke meiega \u00fchendust kontaktide lehel v\u00f5i kirjutage meile oma Facebooki kontol ja [\u2026]<\/p>","protected":false},"featured_media":21040,"comment_status":"open","ping_status":"closed","template":"","meta":[],"_links":{"self":[{"href":"https:\/\/hookahshop.lt\/et\/wp-json\/wp\/v2\/product\/21039"}],"collection":[{"href":"https:\/\/hookahshop.lt\/et\/wp-json\/wp\/v2\/product"}],"about":[{"href":"https:\/\/hookahshop.lt\/et\/wp-json\/wp\/v2\/types\/product"}],"replies":[{"embeddable":true,"href":"https:\/\/hookahshop.lt\/et\/wp-json\/wp\/v2\/comments?post=21039"}],"version-history":[{"count":3,"href":"https:\/\/hookahshop.lt\/et\/wp-json\/wp\/v2\/product\/21039\/revisions"}],"predecessor-version":[{"id":29535,"href":"https:\/\/hookahshop.lt\/et\/wp-json\/wp\/v2\/product\/21039\/revisions\/29535"}],"wp:featuredmedia":[{"embeddable":true,"href":"https:\/\/hookahshop.lt\/et\/wp-json\/wp\/v2\/media\/21040"}],"wp:attachment":[{"href":"https:\/\/hookahshop.lt\/et\/wp-json\/wp\/v2\/media?parent=21039"}],"curies":[{"name":"wp","href":"https:\/\/api.w.org\/{rel}","templated":true}]}}