{"id":21043,"date":"2021-03-30T21:18:25","date_gmt":"2021-03-30T18:18:25","guid":{"rendered":"https:\/\/hookahshop.lt\/?post_type=product&#038;p=21043"},"modified":"2026-04-06T23:29:14","modified_gmt":"2026-04-06T20:29:14","slug":"taurele-kaljanui-smokelab-classic","status":"publish","type":"product","link":"https:\/\/hookahshop.lt\/et\/toode\/tass-vesipiip-smokelab-classic\/","title":{"rendered":"Tass vesipiibule SMOKELAB Classic"},"content":{"rendered":"<h2>Tass vesipiibule SMOKELAB Classic<\/h2>\n<p>Tass on piisavalt paks, et tagada hea soojuskoefitsient, soojeneb h\u00e4sti ja annab soojust v\u00e4lja, kuigi ei kuumene \u00fcle, on keskmise suurusega ja suurep\u00e4rase maitse\u00fclekandega. Tubaka tarbimine on umbes 20-25 grammi.<\/p>\n<p>Spetsifikatsioonid:<br \/>\nK\u00f5rgus: 91 mm<br \/>\nL\u00e4bim\u00f5\u00f5t (v\u00e4limine): 77 mm<br \/>\nL\u00e4bim\u00f5\u00f5t (sisemine): 67 mm<br \/>\nS\u00fcgavus: 22mm<br \/>\nAva l\u00e4bim\u00f5\u00f5t: 6mm<br \/>\nAukude arv: 6 tk<br \/>\nKaal: umbes 262 grammi<\/p>\n<p>Kas teil on k\u00fcsimusi? v\u00f5ta meiega \u00fchendust\u00a0<a href=\"https:\/\/hookahshop.lt\/et\/kontaktid\/\">kontaktide leht<\/a>\u00a0v\u00f5i saatke meile e-kiri aadressil\u00a0<a href=\"https:\/\/facebook.com\/HookahShop.lt\/\" target=\"_blank\" rel=\"noopener noreferrer\">Facebooki konto<\/a>\u00a0ja vastame teie taotlusele samal p\u00e4eval.<\/p>","protected":false},"excerpt":{"rendered":"<p>Tass vesipiibu jaoks SMOKELAB Classic Tass on piisavalt paks, et tagada hea soojuskoefitsient, soojeneb h\u00e4sti ja annab soojust v\u00e4lja, kuigi ei kuumene \u00fcle, on keskmise suurusega ja suurep\u00e4rase maitse\u00fclekandega. Tubaka tarbimine on umbes 20-25 grammi. Tehnilised andmed: K\u00f5rgus: 91 mm L\u00e4bim\u00f5\u00f5t (v\u00e4limine): 77 mm L\u00e4bim\u00f5\u00f5t (sisemine): 67 mm S\u00fcgavus: 22 mm Ava l\u00e4bim\u00f5\u00f5t: 6 mm Aukude arv: 6 tk Kaal: [\u2026]<\/p>","protected":false},"featured_media":21044,"comment_status":"open","ping_status":"closed","template":"","meta":[],"_links":{"self":[{"href":"https:\/\/hookahshop.lt\/et\/wp-json\/wp\/v2\/product\/21043"}],"collection":[{"href":"https:\/\/hookahshop.lt\/et\/wp-json\/wp\/v2\/product"}],"about":[{"href":"https:\/\/hookahshop.lt\/et\/wp-json\/wp\/v2\/types\/product"}],"replies":[{"embeddable":true,"href":"https:\/\/hookahshop.lt\/et\/wp-json\/wp\/v2\/comments?post=21043"}],"version-history":[{"count":3,"href":"https:\/\/hookahshop.lt\/et\/wp-json\/wp\/v2\/product\/21043\/revisions"}],"predecessor-version":[{"id":21660,"href":"https:\/\/hookahshop.lt\/et\/wp-json\/wp\/v2\/product\/21043\/revisions\/21660"}],"wp:featuredmedia":[{"embeddable":true,"href":"https:\/\/hookahshop.lt\/et\/wp-json\/wp\/v2\/media\/21044"}],"wp:attachment":[{"href":"https:\/\/hookahshop.lt\/et\/wp-json\/wp\/v2\/media?parent=21043"}],"curies":[{"name":"wp","href":"https:\/\/api.w.org\/{rel}","templated":true}]}}