{"id":21047,"date":"2021-03-30T21:25:44","date_gmt":"2021-03-30T18:25:44","guid":{"rendered":"https:\/\/hookahshop.lt\/?post_type=product&#038;p=21047"},"modified":"2026-04-06T23:29:14","modified_gmt":"2026-04-06T20:29:14","slug":"taurele-kaljanui-smokelab-martini","status":"publish","type":"product","link":"https:\/\/hookahshop.lt\/et\/toode\/tass-vesipiip-smokelab-martini\/","title":{"rendered":"Tass vesipiibule SMOKELAB Martini"},"content":{"rendered":"<h2>Tass vesipiibule SMOKELAB Martini<\/h2>\n<p>Tass sobib ideaalselt suitsetamiseks kahele inimesele v\u00f5i l\u00fchemaks seansiks kolmest neljani. Kasutatakse nii heleda kui ka tumeda tubaka jaoks. Ideaalne suitsetamiseks kuumakambri v\u00f5i fooliumiga. Mahutavus 10-14 grammi.<\/p>\n<p><strong>Spetsifikatsioonid:<\/strong><br \/>\nK\u00f5rgus: 97 mm<br \/>\nL\u00e4bim\u00f5\u00f5t (v\u00e4limine): 83 mm<br \/>\nL\u00e4bim\u00f5\u00f5t (sisemine): 70 mm<br \/>\nS\u00fcgavus: 15mm<br \/>\nAva l\u00e4bim\u00f5\u00f5t: 11 mm<br \/>\nAukude arv: 1 tk<br \/>\nKaal: umbes 158 grammi<\/p>\n<p>Kas teil on k\u00fcsimusi? v\u00f5ta meiega \u00fchendust\u00a0<a href=\"https:\/\/hookahshop.lt\/et\/kontaktid\/\">kontaktide leht<\/a>\u00a0v\u00f5i saatke meile e-kiri aadressil\u00a0<a href=\"https:\/\/facebook.com\/HookahShop.lt\/\" target=\"_blank\" rel=\"noopener noreferrer\">Facebooki konto<\/a>\u00a0ja vastame teie taotlusele samal p\u00e4eval.<\/p>","protected":false},"excerpt":{"rendered":"<p>Vesipiibu tass SMOKELAB Martini Tass sobib ideaalselt suitsetamiseks kahele inimesele v\u00f5i l\u00fchemaks seansiks kolmest neljani. Kasutatakse nii heleda kui ka tumeda tubaka jaoks. Ideaalne suitsetamiseks kuumakambri v\u00f5i fooliumiga. Mahutavus 10-14 grammi. Tehnilised andmed: K\u00f5rgus: 97 mm L\u00e4bim\u00f5\u00f5t (v\u00e4limine): 83 mm L\u00e4bim\u00f5\u00f5t (sisemine): 70 mm S\u00fcgavus: 15 mm Ava l\u00e4bim\u00f5\u00f5t: 11 mm Aukude arv: 1 tk Kaal: [\u2026]<\/p>","protected":false},"featured_media":21051,"comment_status":"open","ping_status":"closed","template":"","meta":[],"_links":{"self":[{"href":"https:\/\/hookahshop.lt\/et\/wp-json\/wp\/v2\/product\/21047"}],"collection":[{"href":"https:\/\/hookahshop.lt\/et\/wp-json\/wp\/v2\/product"}],"about":[{"href":"https:\/\/hookahshop.lt\/et\/wp-json\/wp\/v2\/types\/product"}],"replies":[{"embeddable":true,"href":"https:\/\/hookahshop.lt\/et\/wp-json\/wp\/v2\/comments?post=21047"}],"version-history":[{"count":2,"href":"https:\/\/hookahshop.lt\/et\/wp-json\/wp\/v2\/product\/21047\/revisions"}],"predecessor-version":[{"id":29560,"href":"https:\/\/hookahshop.lt\/et\/wp-json\/wp\/v2\/product\/21047\/revisions\/29560"}],"wp:featuredmedia":[{"embeddable":true,"href":"https:\/\/hookahshop.lt\/et\/wp-json\/wp\/v2\/media\/21051"}],"wp:attachment":[{"href":"https:\/\/hookahshop.lt\/et\/wp-json\/wp\/v2\/media?parent=21047"}],"curies":[{"name":"wp","href":"https:\/\/api.w.org\/{rel}","templated":true}]}}