{"id":21054,"date":"2021-03-30T21:33:43","date_gmt":"2021-03-30T18:33:43","guid":{"rendered":"https:\/\/hookahshop.lt\/?post_type=product&#038;p=21054"},"modified":"2026-04-15T23:29:18","modified_gmt":"2026-04-15T20:29:18","slug":"znyples-kaljano-anglims-japona-hookah","status":"publish","type":"product","link":"https:\/\/hookahshop.lt\/et\/toode\/tangid-vesipiibu-japona-hookah\/","title":{"rendered":"Tangid vesipiibu JAPONA HOOKAH"},"content":{"rendered":"<h2>Tangid vesipiibu JAPONA HOOKAH<\/h2>\n<p>Vesipiibu tangid Japan - tera, mille k\u00e4epidemel on Jaapani vesipiibu graveering. Mudel on traditsiooniliselt valmistatud Jaapani vaimus. Stiliseeritud nagu v\u00f5itlusnuga. Pakitud puidust kinkekarpi, mis sobib t\u00e4ielikult teemaga. V\u00e4ga mugav, teil on suur s\u00fcsiniku pressimistasand.<\/p>\n<p><strong>Spetsifikatsioonid:<\/strong><br \/>\nPikkus: 230mm<br \/>\nKaal: umbes 90 grammi<\/p>\n<p>Kas teil on k\u00fcsimusi? v\u00f5ta meiega \u00fchendust\u00a0<a href=\"https:\/\/hookahshop.lt\/et\/kontaktid\/\">kontaktide leht<\/a>\u00a0v\u00f5i saatke meile e-kiri aadressil\u00a0<a href=\"https:\/\/facebook.com\/HookahShop.lt\/\" target=\"_blank\" rel=\"noopener noreferrer\">Facebooki konto<\/a>\u00a0ja vastame teie taotlusele samal p\u00e4eval.<\/p>","protected":false},"excerpt":{"rendered":"<p>Vesipiibu s\u00f6etangid JAPONA HOOKAH Vesipiibu tangid Japan - tera, mille k\u00e4epidemel on Jaapani vesipiibu graveering. Mudel on traditsiooniliselt valmistatud Jaapani vaimus. Stiliseeritud nagu v\u00f5itlusnuga. Pakitud puidust kinkekarpi, mis sobib t\u00e4ielikult teemaga. V\u00e4ga mugav, teil on suur s\u00fcsiniku pressimistasand. Tehnilised andmed: Pikkus: 230mm Kaal: umbes 90 grammi K\u00fcsimused? V\u00f5tke meiega \u00fchendust kontaktide lehel v\u00f5i [\u2026]<\/p>","protected":false},"featured_media":21055,"comment_status":"open","ping_status":"closed","template":"","meta":[],"_links":{"self":[{"href":"https:\/\/hookahshop.lt\/et\/wp-json\/wp\/v2\/product\/21054"}],"collection":[{"href":"https:\/\/hookahshop.lt\/et\/wp-json\/wp\/v2\/product"}],"about":[{"href":"https:\/\/hookahshop.lt\/et\/wp-json\/wp\/v2\/types\/product"}],"replies":[{"embeddable":true,"href":"https:\/\/hookahshop.lt\/et\/wp-json\/wp\/v2\/comments?post=21054"}],"version-history":[{"count":4,"href":"https:\/\/hookahshop.lt\/et\/wp-json\/wp\/v2\/product\/21054\/revisions"}],"predecessor-version":[{"id":31830,"href":"https:\/\/hookahshop.lt\/et\/wp-json\/wp\/v2\/product\/21054\/revisions\/31830"}],"wp:featuredmedia":[{"embeddable":true,"href":"https:\/\/hookahshop.lt\/et\/wp-json\/wp\/v2\/media\/21055"}],"wp:attachment":[{"href":"https:\/\/hookahshop.lt\/et\/wp-json\/wp\/v2\/media?parent=21054"}],"curies":[{"name":"wp","href":"https:\/\/api.w.org\/{rel}","templated":true}]}}