{"id":21058,"date":"2021-03-30T21:42:14","date_gmt":"2021-03-30T18:42:14","guid":{"rendered":"https:\/\/hookahshop.lt\/?post_type=product&#038;p=21058"},"modified":"2026-04-19T23:29:07","modified_gmt":"2026-04-19T20:29:07","slug":"kandiklis-kaljanui-arma-metal","status":"publish","type":"product","link":"https:\/\/hookahshop.lt\/et\/toode\/huulik-vesipiip-arma-metall\/","title":{"rendered":"Vesipiibu huulik ARMA Metal"},"content":{"rendered":"<h2>Vesipiibu huulik ARMA Metal<\/h2>\n<p>\u00dches t\u00fckis integreeritud huulik, mis sobib peaaegu k\u00f5ikidele silikoonvoolikutele. Sobib erinevat t\u00fc\u00fcpi \u00fchekordseks kasutamiseks m\u00f5eldud huulikutele.<\/p>\n<p>Kas teil on k\u00fcsimusi? v\u00f5ta meiega \u00fchendust\u00a0<a href=\"https:\/\/hookahshop.lt\/et\/kontaktid\/\">kontaktide leht<\/a>\u00a0v\u00f5i saatke meile e-kiri aadressil\u00a0<a href=\"https:\/\/facebook.com\/HookahShop.lt\/\" target=\"_blank\" rel=\"noopener noreferrer\">Facebooki konto<\/a>\u00a0ja vastame teie taotlusele samal p\u00e4eval.<\/p>","protected":false},"excerpt":{"rendered":"<p>Konks suukonksule ARMA Metal \u00dches t\u00fckis integreeritud huulik, sobib peaaegu k\u00f5ikidele silikoonvoolikutele. Sobib erinevat t\u00fc\u00fcpi \u00fchekordseks kasutamiseks m\u00f5eldud huulikutele. Kas teil on k\u00fcsimusi? V\u00f5tke meiega \u00fchendust kontaktide lehel v\u00f5i kirjutage meile oma Facebooki kontol ja vastame teie p\u00e4ringule samal p\u00e4eval.<\/p>","protected":false},"featured_media":21059,"comment_status":"open","ping_status":"closed","template":"","meta":[],"_links":{"self":[{"href":"https:\/\/hookahshop.lt\/et\/wp-json\/wp\/v2\/product\/21058"}],"collection":[{"href":"https:\/\/hookahshop.lt\/et\/wp-json\/wp\/v2\/product"}],"about":[{"href":"https:\/\/hookahshop.lt\/et\/wp-json\/wp\/v2\/types\/product"}],"replies":[{"embeddable":true,"href":"https:\/\/hookahshop.lt\/et\/wp-json\/wp\/v2\/comments?post=21058"}],"version-history":[{"count":3,"href":"https:\/\/hookahshop.lt\/et\/wp-json\/wp\/v2\/product\/21058\/revisions"}],"predecessor-version":[{"id":24022,"href":"https:\/\/hookahshop.lt\/et\/wp-json\/wp\/v2\/product\/21058\/revisions\/24022"}],"wp:featuredmedia":[{"embeddable":true,"href":"https:\/\/hookahshop.lt\/et\/wp-json\/wp\/v2\/media\/21059"}],"wp:attachment":[{"href":"https:\/\/hookahshop.lt\/et\/wp-json\/wp\/v2\/media?parent=21058"}],"curies":[{"name":"wp","href":"https:\/\/api.w.org\/{rel}","templated":true}]}}