{"id":21068,"date":"2021-03-31T18:14:38","date_gmt":"2021-03-31T15:14:38","guid":{"rendered":"https:\/\/hookahshop.lt\/?post_type=product&#038;p=21068"},"modified":"2026-05-13T23:29:10","modified_gmt":"2026-05-13T20:29:10","slug":"kaljanas-vyro-x-moze-noir","status":"publish","type":"product","link":"https:\/\/hookahshop.lt\/et\/toode\/vesipiip-vyro-x-moze-noir\/","title":{"rendered":"Vesipiip MEN x Moze Noir"},"content":{"rendered":"<h2>Vesipiip MEN x Moze Noir<\/h2>\n<p>Vesipiip on valmistatud POM-st (pol\u00fcoks\u00fcmet\u00fcleenist), t\u00f5elisest s\u00fcsinikust ja V2A roostevabast terasest 1.4301. T\u00e4helepanu k\u00f6idab spetsiaalne suitsueemalduss\u00fcsteem, mis eraldab suitsu \u00fchtlaselt \u00fcles-alla. Pol\u00fcoks\u00fcmet\u00fcleenil (POM) on k\u00f5rge k\u00f5vadus, tugevus ja pinna kvaliteet t\u00e4nu oma suurele tihedusele 1,39\u20131,42 g \/ cm\u00b3. Lisaks headele libisemis- ja kulumisomadustele ning k\u00f5rgele kuumakindlusele iseloomustab POM-i eriti suur m\u00f5\u00f5tmete stabiilsus. Seet\u00f5ttu kasutatakse POM-i edukalt plastist treitud osade ehitusmaterjalina<\/p>\n<p>Kas teil on k\u00fcsimusi? v\u00f5ta meiega \u00fchendust <a href=\"https:\/\/hookahshop.lt\/et\/kontaktid\/\">kontaktide leht<\/a>\u00a0v\u00f5i saatke meile e-kiri aadressil\u00a0<a href=\"https:\/\/facebook.com\/HookahShop.lt\/\" target=\"_blank\" rel=\"noopener noreferrer\">Facebooki konto<\/a>\u00a0ja vastame teie taotlusele samal p\u00e4eval.<\/p>","protected":false},"excerpt":{"rendered":"<p>Vesipiip VYRO x Moze Noir Vesipiip on valmistatud POM-st (pol\u00fcoks\u00fcmet\u00fcleenist), t\u00f5elisest s\u00fcsinikust ja V2A roostevabast terasest 1.4301. T\u00e4helepanu k\u00f6idab spetsiaalne suitsueemalduss\u00fcsteem, mis eraldab suitsu \u00fchtlaselt \u00fcles-alla. Pol\u00fcoks\u00fcmet\u00fcleenil (POM) on k\u00f5rge k\u00f5vadus, tugevus ja pinna kvaliteet t\u00e4nu oma suurele tihedusele 1,39\u20131,42 g \/ cm\u00b3. Lisaks headele libisemis- ja kulumisomadustele ning k\u00f5rgele [\u2026]<\/p>","protected":false},"featured_media":21751,"comment_status":"open","ping_status":"closed","template":"","meta":[],"_links":{"self":[{"href":"https:\/\/hookahshop.lt\/et\/wp-json\/wp\/v2\/product\/21068"}],"collection":[{"href":"https:\/\/hookahshop.lt\/et\/wp-json\/wp\/v2\/product"}],"about":[{"href":"https:\/\/hookahshop.lt\/et\/wp-json\/wp\/v2\/types\/product"}],"replies":[{"embeddable":true,"href":"https:\/\/hookahshop.lt\/et\/wp-json\/wp\/v2\/comments?post=21068"}],"version-history":[{"count":3,"href":"https:\/\/hookahshop.lt\/et\/wp-json\/wp\/v2\/product\/21068\/revisions"}],"predecessor-version":[{"id":44538,"href":"https:\/\/hookahshop.lt\/et\/wp-json\/wp\/v2\/product\/21068\/revisions\/44538"}],"wp:featuredmedia":[{"embeddable":true,"href":"https:\/\/hookahshop.lt\/et\/wp-json\/wp\/v2\/media\/21751"}],"wp:attachment":[{"href":"https:\/\/hookahshop.lt\/et\/wp-json\/wp\/v2\/media?parent=21068"}],"curies":[{"name":"wp","href":"https:\/\/api.w.org\/{rel}","templated":true}]}}