{"id":21090,"date":"2021-03-31T19:06:14","date_gmt":"2021-03-31T16:06:14","guid":{"rendered":"https:\/\/hookahshop.lt\/?post_type=product&#038;p=21090"},"modified":"2026-04-15T23:28:40","modified_gmt":"2026-04-15T20:28:40","slug":"aliuminio-folija-kaljano-taurelems","status":"publish","type":"product","link":"https:\/\/hookahshop.lt\/et\/toode\/fooliumid-alumiiniumfoolium-vesipiibutopside\/","title":{"rendered":"Alumiiniumfoolium vesipiibutopside jaoks"},"content":{"rendered":"<h2>Alumiiniumfoolium vesipiibutopside jaoks<\/h2>\n<p>Kasutusvalmis esmaklassiline alumiiniumfoolium. \u00c4\u00e4rmiselt lihtne kasutada. Lihtsalt murra t\u00e4idetud pael kokku, murra servad kokku, torgake augud ja asetage s\u00fcsi peale. Laius: 12 cm, Paksus: 40 mikronit.<\/p>\n<p>Kas teil on k\u00fcsimusi? v\u00f5ta meiega \u00fchendust\u00a0<a href=\"https:\/\/hookahshop.lt\/et\/kontaktid\/\">kontaktide leht<\/a>\u00a0v\u00f5i saatke meile e-kiri aadressil\u00a0<a href=\"https:\/\/facebook.com\/HookahShop.lt\/\" target=\"_blank\" rel=\"noopener noreferrer\">Facebooki konto<\/a>\u00a0ja vastame teie taotlusele samal p\u00e4eval.<\/p>","protected":false},"excerpt":{"rendered":"<p>Alumiiniumfoolium vesipiibutopside jaoks K\u00f5rgeima kvaliteediga alumiiniumfoolium on kasutusvalmis. \u00c4\u00e4rmiselt lihtne kasutada. Lihtsalt murra t\u00e4idetud p\u00e4ts kokku, murra servad kokku, torka augud sisse ja aseta peale s\u00fcsi. Laius: 12 cm, Paksus: 40 mikronit. Kas teil on k\u00fcsimusi? V\u00f5tke meiega \u00fchendust kontaktide lehel v\u00f5i kirjutage meile oma Facebooki kontol ja vastame teie p\u00e4ringule samal p\u00e4eval.<\/p>","protected":false},"featured_media":21699,"comment_status":"open","ping_status":"closed","template":"","meta":[],"_links":{"self":[{"href":"https:\/\/hookahshop.lt\/et\/wp-json\/wp\/v2\/product\/21090"}],"collection":[{"href":"https:\/\/hookahshop.lt\/et\/wp-json\/wp\/v2\/product"}],"about":[{"href":"https:\/\/hookahshop.lt\/et\/wp-json\/wp\/v2\/types\/product"}],"replies":[{"embeddable":true,"href":"https:\/\/hookahshop.lt\/et\/wp-json\/wp\/v2\/comments?post=21090"}],"version-history":[{"count":6,"href":"https:\/\/hookahshop.lt\/et\/wp-json\/wp\/v2\/product\/21090\/revisions"}],"predecessor-version":[{"id":34661,"href":"https:\/\/hookahshop.lt\/et\/wp-json\/wp\/v2\/product\/21090\/revisions\/34661"}],"wp:featuredmedia":[{"embeddable":true,"href":"https:\/\/hookahshop.lt\/et\/wp-json\/wp\/v2\/media\/21699"}],"wp:attachment":[{"href":"https:\/\/hookahshop.lt\/et\/wp-json\/wp\/v2\/media?parent=21090"}],"curies":[{"name":"wp","href":"https:\/\/api.w.org\/{rel}","templated":true}]}}