{"id":21094,"date":"2021-03-31T19:28:55","date_gmt":"2021-03-31T16:28:55","guid":{"rendered":"https:\/\/hookahshop.lt\/?post_type=product&#038;p=21094"},"modified":"2026-04-15T23:29:03","modified_gmt":"2026-04-15T20:29:03","slug":"kolba-kaljanui-bigmaks-steck-rainbow-clear","status":"publish","type":"product","link":"https:\/\/hookahshop.lt\/et\/toode\/kolb-vesipiibu-bigmaks-steck-rainbow-clear\/","title":{"rendered":"Kolb vesipiibule BIGMAKS Steck Rainbow Clear"},"content":{"rendered":"<h2>Kolb vesipiibule BIGMAKS Steck Rainbow Clear<\/h2>\n<p>Klaasist vesipiibu termos ilma keermeta. Suurep\u00e4rase kvaliteediga klaas.<\/p>\n<p><strong><span title=\"\">Spetsifikatsioonid:<\/span><\/strong><br \/>\nK\u00f5rgus: umbes 25,5 cm<br \/>\nLaius: umbes 21,5 cm<br \/>\nKaela sisemine l\u00e4bim\u00f5\u00f5t: umbes 4,5 cm<br \/>\nKaela v\u00e4lisl\u00e4bim\u00f5\u00f5t: umbes 5,9 cm<\/p>\n<p>Kas teil on k\u00fcsimusi? v\u00f5ta meiega \u00fchendust\u00a0<a href=\"https:\/\/hookahshop.lt\/et\/kontaktid\/\">kontaktide leht<\/a>\u00a0v\u00f5i saatke meile e-kiri aadressil\u00a0<a href=\"https:\/\/facebook.com\/HookahShop.lt\/\" target=\"_blank\" rel=\"noopener noreferrer\">Facebooki konto<\/a>\u00a0ja vastame teie taotlusele samal p\u00e4eval.<\/p>","protected":false},"excerpt":{"rendered":"<p>Kolba kaljanui BIGMAKS Steck Rainbow Clear Stiklin\u0117 kolba kaljanui be sriegio. Puikios kokyb\u0117s stiklas. Specifikacijos: Auk\u0161tis: apie 25,5 cm Plotis: apie 21,5 cm Vidinis kaklo skersmuo: apie 4,5 cm I\u0161orinis kaklo skersmuo: apie 5,9 cm Turite klausim\u0173? Susisiekite su mumis\u00a0kontakt\u0173 puslapyje\u00a0arba para\u0161ykite mums \u012f\u00a0Facebook paskyr\u0105\u00a0ir atsakysime \u012f j\u016bs\u0173 u\u017eklaus\u0105 dar t\u0105 pa\u010di\u0105 dien\u0105.<\/p>","protected":false},"featured_media":21095,"comment_status":"open","ping_status":"closed","template":"","meta":[],"_links":{"self":[{"href":"https:\/\/hookahshop.lt\/et\/wp-json\/wp\/v2\/product\/21094"}],"collection":[{"href":"https:\/\/hookahshop.lt\/et\/wp-json\/wp\/v2\/product"}],"about":[{"href":"https:\/\/hookahshop.lt\/et\/wp-json\/wp\/v2\/types\/product"}],"replies":[{"embeddable":true,"href":"https:\/\/hookahshop.lt\/et\/wp-json\/wp\/v2\/comments?post=21094"}],"version-history":[{"count":4,"href":"https:\/\/hookahshop.lt\/et\/wp-json\/wp\/v2\/product\/21094\/revisions"}],"predecessor-version":[{"id":45101,"href":"https:\/\/hookahshop.lt\/et\/wp-json\/wp\/v2\/product\/21094\/revisions\/45101"}],"wp:featuredmedia":[{"embeddable":true,"href":"https:\/\/hookahshop.lt\/et\/wp-json\/wp\/v2\/media\/21095"}],"wp:attachment":[{"href":"https:\/\/hookahshop.lt\/et\/wp-json\/wp\/v2\/media?parent=21094"}],"curies":[{"name":"wp","href":"https:\/\/api.w.org\/{rel}","templated":true}]}}