{"id":21158,"date":"2021-04-03T17:07:51","date_gmt":"2021-04-03T14:07:51","guid":{"rendered":"https:\/\/hookahshop.lt\/?post_type=product&#038;p=21158"},"modified":"2026-04-20T23:29:09","modified_gmt":"2026-04-20T20:29:09","slug":"kolba-kaljanui-ocean-hookah-cross-cut","status":"publish","type":"product","link":"https:\/\/hookahshop.lt\/et\/toode\/kolb-vesipiibu-ocean-hookah-cross-cut\/","title":{"rendered":"Kolb kiilas OCEAN HOOKAH ristl\u00f5ikega"},"content":{"rendered":"<h2>Kolb oli kiilas OCEAN Hookah Cross Cut<\/h2>\n<p>Kolb on valmistatud T\u0161ehhi ettev\u00f5ttes, see on valmistatud ehtsast boheemlaslikust kristallklaasist.<\/p>\n<p><strong>M\u00f5\u00f5dud:<\/strong><br \/>\nK\u00f5rgus: umbes 24 cm<br \/>\nMaksimaalne vaagna l\u00e4bim\u00f5\u00f5t: umbes 16 cm<br \/>\nVaagnakaela l\u00e4bim\u00f5\u00f5t: umbes 8 cm<br \/>\nKausi sisel\u00e4bim\u00f5\u00f5t: umbes 4,5 cm<\/p>\n<p>Kas teil on k\u00fcsimusi? v\u00f5ta meiega \u00fchendust\u00a0<a href=\"https:\/\/hookahshop.lt\/et\/kontaktid\/\">kontaktide leht<\/a>\u00a0v\u00f5i saatke meile e-kiri aadressil\u00a0<a href=\"https:\/\/facebook.com\/HookahShop.lt\/\" target=\"_blank\" rel=\"noopener noreferrer\">Facebooki konto<\/a>\u00a0ja vastame teie taotlusele samal p\u00e4eval.<\/p>","protected":false},"excerpt":{"rendered":"<p>Vesipiibu kolb OCEAN Hookah Cross Cut Kolb on valmistatud T\u0161ehhis ja on valmistatud ehtsast boheemlaslikust kristallklaasist. M\u00f5\u00f5dud: K\u00f5rgus: umbes 24 cm Maksimaalne kausi l\u00e4bim\u00f5\u00f5t: umbes 16 cm Kausi kaela l\u00e4bim\u00f5\u00f5t: umbes 8 cm Sisel\u00e4bim\u00f5\u00f5t kausi kael: umbes 4,5 cm Kas on k\u00fcsimusi? V\u00f5tke meiega \u00fchendust kontaktide lehel v\u00f5i kirjutage meile oma Facebooki kontol ja me vastame teie [\u2026]<\/p>","protected":false},"featured_media":22175,"comment_status":"open","ping_status":"closed","template":"","meta":[],"_links":{"self":[{"href":"https:\/\/hookahshop.lt\/et\/wp-json\/wp\/v2\/product\/21158"}],"collection":[{"href":"https:\/\/hookahshop.lt\/et\/wp-json\/wp\/v2\/product"}],"about":[{"href":"https:\/\/hookahshop.lt\/et\/wp-json\/wp\/v2\/types\/product"}],"replies":[{"embeddable":true,"href":"https:\/\/hookahshop.lt\/et\/wp-json\/wp\/v2\/comments?post=21158"}],"version-history":[{"count":3,"href":"https:\/\/hookahshop.lt\/et\/wp-json\/wp\/v2\/product\/21158\/revisions"}],"predecessor-version":[{"id":25685,"href":"https:\/\/hookahshop.lt\/et\/wp-json\/wp\/v2\/product\/21158\/revisions\/25685"}],"wp:featuredmedia":[{"embeddable":true,"href":"https:\/\/hookahshop.lt\/et\/wp-json\/wp\/v2\/media\/22175"}],"wp:attachment":[{"href":"https:\/\/hookahshop.lt\/et\/wp-json\/wp\/v2\/media?parent=21158"}],"curies":[{"name":"wp","href":"https:\/\/api.w.org\/{rel}","templated":true}]}}