{"id":21162,"date":"2021-04-03T17:19:50","date_gmt":"2021-04-03T14:19:50","guid":{"rendered":"https:\/\/hookahshop.lt\/?post_type=product&#038;p=21162"},"modified":"2026-04-17T23:29:31","modified_gmt":"2026-04-17T20:29:31","slug":"kolba-kaljanui-ocean-hookah-tradi-million-cut-gray","status":"publish","type":"product","link":"https:\/\/hookahshop.lt\/et\/toode\/kolb-vesipiibu-ocean-hookah-tradi-million-cut-gray\/","title":{"rendered":"Kolb kiilakale OCEAN HOOKAH Tradi Million Cut Grey"},"content":{"rendered":"<h2>Kolb pulgal OCEAN Hookah Tradi Million Cut Grey<\/h2>\n<p>Kolb on toodetud T\u0161ehhis ja see on valmistatud kahekihilisest v\u00e4rvilisest B\u00f6\u00f6mimaa pliikristallist 24%. Sisemine kiht on valmistatud l\u00e4bipaistvast pliikristallist ja v\u00e4limine kiht on valmistatud v\u00e4rvilisest pliikristallist. Mustri lihvimisega tungib meister v\u00e4liskihti. Seega pole lakitud klaasi, v\u00e4rvi ei saa pesta ega kriimustada.<\/p>\n<p><strong>M\u00f5\u00f5dud:<\/strong><br \/>\nK\u00f5rgus: umbes 24 cm<br \/>\nVaagna k\u00f5ige laiem l\u00e4bim\u00f5\u00f5t: umbes 20 cm<br \/>\nVaagnakaela l\u00e4bim\u00f5\u00f5t: umbes 7,5 cm<br \/>\nKausi sisel\u00e4bim\u00f5\u00f5t: umbes 4,5 cm<br \/>\nKaal ca: 2800g<\/p>\n<p>Kas teil on k\u00fcsimusi? v\u00f5ta meiega \u00fchendust\u00a0<a href=\"https:\/\/hookahshop.lt\/et\/kontaktid\/\">kontaktide leht<\/a>\u00a0v\u00f5i saatke meile e-kiri aadressil\u00a0<a href=\"https:\/\/facebook.com\/HookahShop.lt\/\" target=\"_blank\" rel=\"noopener noreferrer\">Facebooki konto<\/a>\u00a0ja vastame teie taotlusele samal p\u00e4eval.<\/p>","protected":false},"excerpt":{"rendered":"<p>Vesipiibu kolb OCEAN Hookah Tradi Million Cut Grey Kolb on valmistatud T\u0161ehhis ja on valmistatud kahest kihist v\u00e4rvilisest Bohemian pliikristallist 24%. Sisemine kiht on valmistatud l\u00e4bipaistvast pliikristallist ja v\u00e4limine kiht on valmistatud v\u00e4rvilisest pliikristallist. Mustri lihvimisega tungib meister v\u00e4liskihti. Seega pole lakitud klaasi, v\u00e4rvi ei saa pesta ega kriimustada. M\u00f5\u00f5dud: K\u00f5rgus: umbes [\u2026]<\/p>","protected":false},"featured_media":22191,"comment_status":"open","ping_status":"closed","template":"","meta":[],"_links":{"self":[{"href":"https:\/\/hookahshop.lt\/et\/wp-json\/wp\/v2\/product\/21162"}],"collection":[{"href":"https:\/\/hookahshop.lt\/et\/wp-json\/wp\/v2\/product"}],"about":[{"href":"https:\/\/hookahshop.lt\/et\/wp-json\/wp\/v2\/types\/product"}],"replies":[{"embeddable":true,"href":"https:\/\/hookahshop.lt\/et\/wp-json\/wp\/v2\/comments?post=21162"}],"version-history":[{"count":3,"href":"https:\/\/hookahshop.lt\/et\/wp-json\/wp\/v2\/product\/21162\/revisions"}],"predecessor-version":[{"id":23070,"href":"https:\/\/hookahshop.lt\/et\/wp-json\/wp\/v2\/product\/21162\/revisions\/23070"}],"wp:featuredmedia":[{"embeddable":true,"href":"https:\/\/hookahshop.lt\/et\/wp-json\/wp\/v2\/media\/22191"}],"wp:attachment":[{"href":"https:\/\/hookahshop.lt\/et\/wp-json\/wp\/v2\/media?parent=21162"}],"curies":[{"name":"wp","href":"https:\/\/api.w.org\/{rel}","templated":true}]}}