{"id":21194,"date":"2021-04-03T18:00:35","date_gmt":"2021-04-03T15:00:35","guid":{"rendered":"https:\/\/hookahshop.lt\/?post_type=product&#038;p=21194"},"modified":"2026-04-19T23:29:12","modified_gmt":"2026-04-19T20:29:12","slug":"kolba-kaljanui-hoob-cube-mini","status":"publish","type":"product","link":"https:\/\/hookahshop.lt\/et\/toode\/kolb-vesipiibu-hoob-cube-mini\/","title":{"rendered":"Kolb konksu jaoks HOOB Cube Mini"},"content":{"rendered":"<h2>Kolb konksu jaoks HOOB Cube Mini<\/h2>\n<p>Akr\u00fc\u00fclist vesipiibu kolb SubAtom vesipiibu jaoks magnetmasti ja aluse \u00fchendusega.<\/p>\n<p><strong>Spetsifikatsioon:<\/strong><\/p>\n<p id=\"tw-target-text\" class=\"tw-data-text tw-text-large XcVN5d tw-ta\" dir=\"ltr\" data-placeholder=\"Vertimas\">Selge orgaaniline klaas<br \/>\nHoobi magnetpistik<br \/>\nL\u00f6\u00f6gikindel<br \/>\nK\u00f5rgus - 10 cm<\/p>\n<p dir=\"ltr\" data-placeholder=\"Vertimas\">Kas teil on k\u00fcsimusi? v\u00f5ta meiega \u00fchendust\u00a0<a href=\"https:\/\/hookahshop.lt\/et\/kontaktid\/\">kontaktide leht<\/a>\u00a0v\u00f5i saatke meile e-kiri aadressil\u00a0<a href=\"https:\/\/facebook.com\/HookahShop.lt\/\" target=\"_blank\" rel=\"noopener noreferrer\">Facebooki konto<\/a>\u00a0ja vastame teie taotlusele samal p\u00e4eval.<\/p>","protected":false},"excerpt":{"rendered":"<p>Konks HOOB Cube Mini Akr\u00fc\u00fclkonks SubAtom konksule magnetmasti ja alus\u00fchendusega. Spetsifikatsioon: L\u00e4bipaistvast pleksiklaasist Hoobi magnetpistik L\u00f6\u00f6gikindel K\u00f5rgus \u2013 10 cm Kas teil on k\u00fcsimusi? V\u00f5tke meiega \u00fchendust kontaktide lehel v\u00f5i kirjutage meile oma Facebooki kontol ja vastame teie p\u00e4ringule samal p\u00e4eval.<\/p>","protected":false},"featured_media":21750,"comment_status":"open","ping_status":"closed","template":"","meta":[],"_links":{"self":[{"href":"https:\/\/hookahshop.lt\/et\/wp-json\/wp\/v2\/product\/21194"}],"collection":[{"href":"https:\/\/hookahshop.lt\/et\/wp-json\/wp\/v2\/product"}],"about":[{"href":"https:\/\/hookahshop.lt\/et\/wp-json\/wp\/v2\/types\/product"}],"replies":[{"embeddable":true,"href":"https:\/\/hookahshop.lt\/et\/wp-json\/wp\/v2\/comments?post=21194"}],"version-history":[{"count":7,"href":"https:\/\/hookahshop.lt\/et\/wp-json\/wp\/v2\/product\/21194\/revisions"}],"predecessor-version":[{"id":45133,"href":"https:\/\/hookahshop.lt\/et\/wp-json\/wp\/v2\/product\/21194\/revisions\/45133"}],"wp:featuredmedia":[{"embeddable":true,"href":"https:\/\/hookahshop.lt\/et\/wp-json\/wp\/v2\/media\/21750"}],"wp:attachment":[{"href":"https:\/\/hookahshop.lt\/et\/wp-json\/wp\/v2\/media?parent=21194"}],"curies":[{"name":"wp","href":"https:\/\/api.w.org\/{rel}","templated":true}]}}