{"id":21204,"date":"2021-04-03T19:12:27","date_gmt":"2021-04-03T16:12:27","guid":{"rendered":"https:\/\/hookahshop.lt\/?post_type=product&#038;p=21204"},"modified":"2026-04-16T10:21:10","modified_gmt":"2026-04-16T07:21:10","slug":"kolba-kaljanui-ocean-hookah-drop-cross-cut-tradi-gold-steck","status":"publish","type":"product","link":"https:\/\/hookahshop.lt\/et\/toode\/kolb-vesipiibu-ocean-hookah-drop-cross-cut-tradi-gold-steck\/","title":{"rendered":"Konksuga kolb OCEAN HOOKAH Drop Cross Cut Tradi Gold Steck"},"content":{"rendered":"<h2>Konksuga kolb OCEAN Hookah Drop Cross Cut Tradi Gold Steck<\/h2>\n<p>Kolb on valmistatud T\u0161ehhi Vabariigis ja on valmistatud ehtsast boheemlaslikust kristallklaasist.<\/p>\n<p><strong>M\u00f5\u00f5dud:<\/strong><br \/>\nK\u00f5rgus: umbes 24 cm<br \/>\nVaagna k\u00f5ige laiem l\u00e4bim\u00f5\u00f5t: umbes 20 cm<br \/>\nVaagnakaela l\u00e4bim\u00f5\u00f5t: umbes 8 cm<br \/>\nKausi sisel\u00e4bim\u00f5\u00f5t: umbes 4,5 cm<\/p>\n<p>Kas teil on k\u00fcsimusi? v\u00f5ta meiega \u00fchendust\u00a0<a href=\"https:\/\/hookahshop.lt\/et\/kontaktid\/\">kontaktide leht<\/a>\u00a0v\u00f5i saatke meile e-kiri aadressil\u00a0<a href=\"https:\/\/facebook.com\/HookahShop.lt\/\" target=\"_blank\" rel=\"noopener noreferrer\">Facebooki konto<\/a>\u00a0ja vastame teie taotlusele samal p\u00e4eval.<\/p>","protected":false},"excerpt":{"rendered":"<p>Hook for OCEAN Hookah Drop Cross Cut Tradi Gold Steck Kolb on valmistatud T\u0161ehhis ja on valmistatud ehtsast boheemlaslikust kristallklaasist. M\u00f5\u00f5dud: K\u00f5rgus: umbes 24 cm K\u00f5ige laiema kausi l\u00e4bim\u00f5\u00f5t: umbes 20 cm Kausi kaela l\u00e4bim\u00f5\u00f5t: umbes 8 cm Sisemine kausi kael: umbes 4,5 cm Kas on k\u00fcsimusi? V\u00f5tke meiega \u00fchendust kontaktide lehel v\u00f5i kirjutage meile Facebookis [\u2026]<\/p>","protected":false},"featured_media":22177,"comment_status":"open","ping_status":"closed","template":"","meta":[],"_links":{"self":[{"href":"https:\/\/hookahshop.lt\/et\/wp-json\/wp\/v2\/product\/21204"}],"collection":[{"href":"https:\/\/hookahshop.lt\/et\/wp-json\/wp\/v2\/product"}],"about":[{"href":"https:\/\/hookahshop.lt\/et\/wp-json\/wp\/v2\/types\/product"}],"replies":[{"embeddable":true,"href":"https:\/\/hookahshop.lt\/et\/wp-json\/wp\/v2\/comments?post=21204"}],"version-history":[{"count":4,"href":"https:\/\/hookahshop.lt\/et\/wp-json\/wp\/v2\/product\/21204\/revisions"}],"predecessor-version":[{"id":23063,"href":"https:\/\/hookahshop.lt\/et\/wp-json\/wp\/v2\/product\/21204\/revisions\/23063"}],"wp:featuredmedia":[{"embeddable":true,"href":"https:\/\/hookahshop.lt\/et\/wp-json\/wp\/v2\/media\/22177"}],"wp:attachment":[{"href":"https:\/\/hookahshop.lt\/et\/wp-json\/wp\/v2\/media?parent=21204"}],"curies":[{"name":"wp","href":"https:\/\/api.w.org\/{rel}","templated":true}]}}