{"id":21382,"date":"2021-04-12T14:32:40","date_gmt":"2021-04-12T11:32:40","guid":{"rendered":"https:\/\/hookahshop.lt\/?post_type=product&#038;p=21382"},"modified":"2026-04-15T23:29:00","modified_gmt":"2026-04-15T20:29:00","slug":"karscio-kamera-kaloud-lotus-i-auris","status":"publish","type":"product","link":"https:\/\/hookahshop.lt\/et\/toode\/soojuskamber-kaloud-lotus-i-auris\/","title":{"rendered":"Soojuskaamera KALOUD Lotus I + Auris"},"content":{"rendered":"<h2 style=\"text-align: left;\">Soojuskaamera KALOUD Lotus I + Auris<\/h2>\n<p>Patenteeritud kunsti- ja tootmissaavutus. See USA kuumade rakkude pioneeride toode on k\u00f5rgeima kvaliteedi garantii, mis h\u00f5lbustab oluliselt teie vesipiibu kasutamist. Selle valmistamisel kasutatakse kosmose- ja meditsiinit\u00f6\u00f6stuse materjale. Soovitatav tasside jaoks, mille l\u00e4bim\u00f5\u00f5t on \u00fcle 70 mm.<\/p>\n<p>- Oluliselt v\u00e4hem tuhka, suitsu puhtam ja intensiivsem.<br \/>\n- Alumiiniumfooliumi ega korstnaid pole vaja.<br \/>\n- Pikendab suitsetamise seanssi.<br \/>\n- S\u00fcsi tuleb t\u00f5lkida palju harvemini.<br \/>\n- Parem soojusjuhtimine.<\/p>\n<p>Mahutavus (s\u00fcsinikusisaldus): kuni 2-3 tk.<br \/>\nMaterjal: alumiinium<br \/>\nV\u00e4rv: Kuldne<br \/>\nTootja: Kaloud, USA<\/p>\n<p>Kas teil on k\u00fcsimusi? v\u00f5ta meiega \u00fchendust\u00a0<a href=\"https:\/\/hookahshop.lt\/et\/kontaktid\/\">kontaktide leht<\/a>\u00a0v\u00f5i saatke meile e-kiri aadressil\u00a0<a href=\"https:\/\/facebook.com\/HookahShop.lt\/\" target=\"_blank\" rel=\"noopener noreferrer\">Facebooki konto<\/a>\u00a0ja vastame teie taotlusele samal p\u00e4eval.<\/p>","protected":false},"excerpt":{"rendered":"<p>Soojuskamber KALOUD Lotus I + Auris Patenteeritud kunsti- ja tootmissaavutus. See USA kuumade rakkude pioneeride toode on k\u00f5rgeima kvaliteedi garantii, mis h\u00f5lbustab oluliselt teie vesipiibu kasutamist. Selle valmistamisel kasutatakse kosmose- ja meditsiinit\u00f6\u00f6stuse materjale. Soovitatav tasside jaoks, mille l\u00e4bim\u00f5\u00f5t on \u00fcle 70 mm. - Oluliselt v\u00e4hem tuhka, suitsu puhtam ja intensiivsem. - Alumiiniumi pole vaja [\u2026]<\/p>","protected":false},"featured_media":21384,"comment_status":"open","ping_status":"closed","template":"","meta":[],"_links":{"self":[{"href":"https:\/\/hookahshop.lt\/et\/wp-json\/wp\/v2\/product\/21382"}],"collection":[{"href":"https:\/\/hookahshop.lt\/et\/wp-json\/wp\/v2\/product"}],"about":[{"href":"https:\/\/hookahshop.lt\/et\/wp-json\/wp\/v2\/types\/product"}],"replies":[{"embeddable":true,"href":"https:\/\/hookahshop.lt\/et\/wp-json\/wp\/v2\/comments?post=21382"}],"version-history":[{"count":11,"href":"https:\/\/hookahshop.lt\/et\/wp-json\/wp\/v2\/product\/21382\/revisions"}],"predecessor-version":[{"id":45464,"href":"https:\/\/hookahshop.lt\/et\/wp-json\/wp\/v2\/product\/21382\/revisions\/45464"}],"wp:featuredmedia":[{"embeddable":true,"href":"https:\/\/hookahshop.lt\/et\/wp-json\/wp\/v2\/media\/21384"}],"wp:attachment":[{"href":"https:\/\/hookahshop.lt\/et\/wp-json\/wp\/v2\/media?parent=21382"}],"curies":[{"name":"wp","href":"https:\/\/api.w.org\/{rel}","templated":true}]}}