{"id":21390,"date":"2021-04-12T14:55:08","date_gmt":"2021-04-12T11:55:08","guid":{"rendered":"https:\/\/hookahshop.lt\/?post_type=product&#038;p=21390"},"modified":"2026-04-10T12:51:26","modified_gmt":"2026-04-10T09:51:26","slug":"karscio-kamera-zeppelin-in-da-clouds-black-matt","status":"publish","type":"product","link":"https:\/\/hookahshop.lt\/et\/toode\/soojuskamber-zeppelin-in-da-clouds-black-matt\/","title":{"rendered":"Soojuskamber ZEPPELIN pilvedes must matt"},"content":{"rendered":"<h2>Soojuskamber ZEPPELIN pilvedes must matt<\/h2>\n<p>Uus soojuskambrite turul Zeppelini soojuskambrit toodab Zidclouds Russia.<br \/>\nSee alumiiniumi ja titaaniga kaetud Zeppelini kuumakaamera pole mitte ainult ohutu ja lihtne kasutada, vaid ka suurep\u00e4rane kunstiteos, millega saate oma lemmiktopsi kaunistada.<\/p>\n<p>Kolm 26 mm kivis\u00fctt mahuvad kergesti sellesse soojuskambrisse ja v\u00f5imaldavad hoida soovitud ja stabiilset temperatuuri.<\/p>\n<p><strong>Spetsifikatsioon<\/strong><br \/>\nV\u00e4rv: must (matt)<br \/>\nMaterjal: Alumiinium<br \/>\nL\u00e4bim\u00f5\u00f5t: 7,6 cm<br \/>\nS\u00fcsinikuhoidla l\u00e4bim\u00f5\u00f5t: 6,8 cm<br \/>\nRiik: Venemaa<\/p>\n<p>Kas teil on k\u00fcsimusi? v\u00f5ta meiega \u00fchendust\u00a0<a href=\"https:\/\/hookahshop.lt\/et\/kontaktid\/\">kontaktide leht<\/a>\u00a0v\u00f5i saatke meile e-kiri aadressil\u00a0<a href=\"https:\/\/facebook.com\/HookahShop.lt\/\" target=\"_blank\" rel=\"noopener noreferrer\">Facebooki konto<\/a>\u00a0ja vastame teie taotlusele samal p\u00e4eval.<\/p>","protected":false},"excerpt":{"rendered":"<p>Soojuskamber ZEPPELIN In Da Clouds Black Matt Uus soojuskambrite turul Zeppelini soojuskambrit toodab Zidclouds Russia. See alumiiniumi ja titaaniga kaetud Zeppelini kuumakaamera pole mitte ainult ohutu ja lihtne kasutada, vaid ka suurep\u00e4rane kunstiteos, millega saate oma lemmiktopsi kaunistada. Kolm 26 mm kivis\u00fctt mahuvad sellesse soojuskambrisse kergesti \u00e4ra [\u2026]<\/p>","protected":false},"featured_media":21396,"comment_status":"open","ping_status":"closed","template":"","meta":[],"_links":{"self":[{"href":"https:\/\/hookahshop.lt\/et\/wp-json\/wp\/v2\/product\/21390"}],"collection":[{"href":"https:\/\/hookahshop.lt\/et\/wp-json\/wp\/v2\/product"}],"about":[{"href":"https:\/\/hookahshop.lt\/et\/wp-json\/wp\/v2\/types\/product"}],"replies":[{"embeddable":true,"href":"https:\/\/hookahshop.lt\/et\/wp-json\/wp\/v2\/comments?post=21390"}],"version-history":[{"count":4,"href":"https:\/\/hookahshop.lt\/et\/wp-json\/wp\/v2\/product\/21390\/revisions"}],"predecessor-version":[{"id":32026,"href":"https:\/\/hookahshop.lt\/et\/wp-json\/wp\/v2\/product\/21390\/revisions\/32026"}],"wp:featuredmedia":[{"embeddable":true,"href":"https:\/\/hookahshop.lt\/et\/wp-json\/wp\/v2\/media\/21396"}],"wp:attachment":[{"href":"https:\/\/hookahshop.lt\/et\/wp-json\/wp\/v2\/media?parent=21390"}],"curies":[{"name":"wp","href":"https:\/\/api.w.org\/{rel}","templated":true}]}}