{"id":21401,"date":"2021-04-12T15:44:17","date_gmt":"2021-04-12T12:44:17","guid":{"rendered":"https:\/\/hookahshop.lt\/?post_type=product&#038;p=21401"},"modified":"2026-04-17T23:29:23","modified_gmt":"2026-04-17T20:29:23","slug":"kaljano-anglies-laikiklis-aladin","status":"publish","type":"product","link":"https:\/\/hookahshop.lt\/et\/toode\/vesipiibu-susinikuhoidja-aladin\/","title":{"rendered":"Vesipiibu s\u00fcsinikuhoidja ALADIN"},"content":{"rendered":"<h2>Vesipiibu s\u00fcsinikuhoidja ALADIN<\/h2>\n<p>M\u00f5eldud kivis\u00f6e turvaliseks hoidmiseks \u00fches kohas. Tangide hoidmiseks on tehtud eraldi sahtel.<\/p>\n<p>V\u00e4rv: h\u00f5bedane<br \/>\nMaterjal: roostevaba teras<br \/>\nK\u00f5rgus: 40 cm<br \/>\nL\u00e4bim\u00f5\u00f5t: 15 cm<br \/>\nKausi k\u00f5rgus: 15 cm<br \/>\nTootmisriik: Hiina<\/p>\n<p>Kas teil on k\u00fcsimusi? v\u00f5ta meiega \u00fchendust\u00a0<a href=\"https:\/\/hookahshop.lt\/et\/kontaktid\/\">kontaktide leht<\/a>\u00a0v\u00f5i saatke meile e-kiri aadressil\u00a0<a href=\"https:\/\/facebook.com\/HookahShop.lt\/\" target=\"_blank\" rel=\"noopener noreferrer\">Facebooki konto<\/a>\u00a0ja vastame teie taotlusele samal p\u00e4eval.<\/p>","protected":false},"excerpt":{"rendered":"<p>Vesipiibu s\u00fcsinikuhoidik ALADIN M\u00f5eldud puus\u00f6e turvaliseks hoidmiseks \u00fches kohas. Tangide hoidmiseks on tehtud eraldi sahtel. V\u00e4rvus: h\u00f5bedane Materjal: roostevaba teras K\u00f5rgus: 40 cm L\u00e4bim\u00f5\u00f5t: 15 cm Kausi k\u00f5rgus: 15 cm Tootjariik: Hiina Kas teil on k\u00fcsimusi? V\u00f5tke meiega \u00fchendust kontaktide lehel v\u00f5i kirjutage meile oma Facebooki kontol ja vastame teie p\u00e4ringule samal p\u00e4eval.<\/p>","protected":false},"featured_media":21402,"comment_status":"open","ping_status":"closed","template":"","meta":[],"_links":{"self":[{"href":"https:\/\/hookahshop.lt\/et\/wp-json\/wp\/v2\/product\/21401"}],"collection":[{"href":"https:\/\/hookahshop.lt\/et\/wp-json\/wp\/v2\/product"}],"about":[{"href":"https:\/\/hookahshop.lt\/et\/wp-json\/wp\/v2\/types\/product"}],"replies":[{"embeddable":true,"href":"https:\/\/hookahshop.lt\/et\/wp-json\/wp\/v2\/comments?post=21401"}],"version-history":[{"count":5,"href":"https:\/\/hookahshop.lt\/et\/wp-json\/wp\/v2\/product\/21401\/revisions"}],"predecessor-version":[{"id":43483,"href":"https:\/\/hookahshop.lt\/et\/wp-json\/wp\/v2\/product\/21401\/revisions\/43483"}],"wp:featuredmedia":[{"embeddable":true,"href":"https:\/\/hookahshop.lt\/et\/wp-json\/wp\/v2\/media\/21402"}],"wp:attachment":[{"href":"https:\/\/hookahshop.lt\/et\/wp-json\/wp\/v2\/media?parent=21401"}],"curies":[{"name":"wp","href":"https:\/\/api.w.org\/{rel}","templated":true}]}}