{"id":21426,"date":"2021-04-12T16:43:56","date_gmt":"2021-04-12T13:43:56","guid":{"rendered":"https:\/\/hookahshop.lt\/?post_type=product&#038;p=21426"},"modified":"2026-04-17T23:29:12","modified_gmt":"2026-04-17T20:29:12","slug":"kaljanas-aladin-mvp460-gastro-m1-rainbow","status":"publish","type":"product","link":"https:\/\/hookahshop.lt\/et\/toode\/vesipiip-aladin-mvp460-gastro-m1-rainbow\/","title":{"rendered":"Vesipiip ALADIN MVP460 Gastro M1 Rainbow"},"content":{"rendered":"<h2>Vesipiip ALADIN MVP460 Gastro M1 Rainbow<\/h2>\n<p>Vesipiip j\u00e4tab oma kvaliteetsete materjalidega h\u00e4mmastavaid muljeid. Kvaliteetne t\u00f6\u00f6 ja individuaalne disain ei j\u00e4ta teid \u00fcksk\u00f5ikseks.<\/p>\n<p><strong>Spetsifikatsioon<\/strong><br \/>\nMaterjal: anodeeritud roostevaba teras<br \/>\nKolb: keermestatud<br \/>\nDifusioon: jah (reguleeritav)<br \/>\nK\u00f5rgus: 46 cm<br \/>\ntoodetud Hiinas<\/p>\n<p><strong>Standardkomplekt sisaldab:<\/strong><br \/>\ntangid, pehme silikoonist voolik koos d\u00fc\u00fcsidega, tass, korsten tassile.<\/p>\n<p>Kas teil on k\u00fcsimusi? v\u00f5ta meiega \u00fchendust\u00a0<a href=\"https:\/\/hookahshop.lt\/et\/kontaktid\/\">kontaktide leht<\/a>\u00a0v\u00f5i saatke meile e-kiri aadressil\u00a0<a href=\"https:\/\/facebook.com\/HookahShop.lt\/\" target=\"_blank\" rel=\"noopener noreferrer\">Facebooki konto<\/a>\u00a0ja vastame teie taotlusele samal p\u00e4eval.<\/p>","protected":false},"excerpt":{"rendered":"<p>Vesipiip ALADIN MVP460 Gastro M1 Rainbow Vesipiip j\u00e4tab oma kvaliteetsete materjalidega h\u00e4mmastavaid muljeid. Kvaliteetne t\u00f6\u00f6 ja individuaalne disain ei j\u00e4ta teid \u00fcksk\u00f5ikseks. Spetsifikatsioon Materjal: Anodeeritud roostevaba teras Kolb: Keermega Difusioon: Jah (reguleeritav) K\u00f5rgus: 46 cm P\u00e4ritoluriik: Hiina Standardkomplekt sisaldab: tangid, pehme silikoonvoolik koos otsikutega, tass, korsten topsi jaoks. Kas teil on k\u00fcsimusi? V\u00f5tke meiega \u00fchendust kontaktide lehel v\u00f5i [\u2026]<\/p>","protected":false},"featured_media":21427,"comment_status":"open","ping_status":"closed","template":"","meta":[],"_links":{"self":[{"href":"https:\/\/hookahshop.lt\/et\/wp-json\/wp\/v2\/product\/21426"}],"collection":[{"href":"https:\/\/hookahshop.lt\/et\/wp-json\/wp\/v2\/product"}],"about":[{"href":"https:\/\/hookahshop.lt\/et\/wp-json\/wp\/v2\/types\/product"}],"replies":[{"embeddable":true,"href":"https:\/\/hookahshop.lt\/et\/wp-json\/wp\/v2\/comments?post=21426"}],"version-history":[{"count":2,"href":"https:\/\/hookahshop.lt\/et\/wp-json\/wp\/v2\/product\/21426\/revisions"}],"predecessor-version":[{"id":24478,"href":"https:\/\/hookahshop.lt\/et\/wp-json\/wp\/v2\/product\/21426\/revisions\/24478"}],"wp:featuredmedia":[{"embeddable":true,"href":"https:\/\/hookahshop.lt\/et\/wp-json\/wp\/v2\/media\/21427"}],"wp:attachment":[{"href":"https:\/\/hookahshop.lt\/et\/wp-json\/wp\/v2\/media?parent=21426"}],"curies":[{"name":"wp","href":"https:\/\/api.w.org\/{rel}","templated":true}]}}