{"id":21476,"date":"2021-04-13T23:33:58","date_gmt":"2021-04-13T20:33:58","guid":{"rendered":"https:\/\/hookahshop.lt\/?post_type=product&#038;p=21476"},"modified":"2026-04-18T23:29:10","modified_gmt":"2026-04-18T20:29:10","slug":"uzkuriklis-anglims-al-mani","status":"publish","type":"product","link":"https:\/\/hookahshop.lt\/et\/toode\/looduslik-susinikusuutaja-al-mani\/","title":{"rendered":"Looduslik s\u00fcsinikus\u00fc\u00fctaja  AL-MANI"},"content":{"rendered":"<h2>Looduslik s\u00fcsinikus\u00fc\u00fctaja  AL-MANI<\/h2>\n<p>Aitab vesipiibu s\u00fcsi mugavalt soojendada. Kompaktne ja lihtne transportida. S\u00fcsi kuumutatakse keskmiselt 10-15 minutit.<\/p>\n<p><strong>Tehnilised andmed:<\/strong><br \/>\nV\u00f5imsus: 450 W<br \/>\nPinge: 220V<br \/>\nSagedus: 50 Hz<br \/>\nM\u00f5\u00f5dud: ~ 10x18cm<br \/>\nV\u00e4rvus must<br \/>\ntoodetud Hiinas<\/p>\n<p>Kas teil on k\u00fcsimusi? v\u00f5ta meiega \u00fchendust\u00a0<a href=\"https:\/\/hookahshop.lt\/et\/kontaktid\/\">kontaktide leht<\/a>\u00a0v\u00f5i saatke meile e-kiri aadressil\u00a0<a href=\"https:\/\/facebook.com\/HookahShop.lt\/\" target=\"_blank\" rel=\"noopener noreferrer\">Facebooki konto<\/a>\u00a0ja vastame teie taotlusele samal p\u00e4eval.<\/p>\n<p>&nbsp;<\/p>","protected":false},"excerpt":{"rendered":"<p>S\u00fcsinikus\u00fc\u00fctaja AL-MANI Aitab mugavalt vesipiibus\u00fctt soojendada. Kompaktne ja lihtne transportida. S\u00fcsi kuumutatakse keskmiselt 10-15 minutit. Tehnilised andmed: V\u00f5imsus: 450 W Pinge: 220V Sagedus: 50 Hz M\u00f5\u00f5dud: ~ 10x18cm V\u00e4rvus: Must P\u00e4ritolumaa: Hiina K\u00fcsimusi? V\u00f5tke meiega \u00fchendust kontaktide lehel v\u00f5i kirjutage meile oma Facebooki kontol ja vastame teie p\u00e4ringule samal p\u00e4eval. &nbsp;<\/p>","protected":false},"featured_media":21486,"comment_status":"open","ping_status":"closed","template":"","meta":[],"_links":{"self":[{"href":"https:\/\/hookahshop.lt\/et\/wp-json\/wp\/v2\/product\/21476"}],"collection":[{"href":"https:\/\/hookahshop.lt\/et\/wp-json\/wp\/v2\/product"}],"about":[{"href":"https:\/\/hookahshop.lt\/et\/wp-json\/wp\/v2\/types\/product"}],"replies":[{"embeddable":true,"href":"https:\/\/hookahshop.lt\/et\/wp-json\/wp\/v2\/comments?post=21476"}],"version-history":[{"count":3,"href":"https:\/\/hookahshop.lt\/et\/wp-json\/wp\/v2\/product\/21476\/revisions"}],"predecessor-version":[{"id":30952,"href":"https:\/\/hookahshop.lt\/et\/wp-json\/wp\/v2\/product\/21476\/revisions\/30952"}],"wp:featuredmedia":[{"embeddable":true,"href":"https:\/\/hookahshop.lt\/et\/wp-json\/wp\/v2\/media\/21486"}],"wp:attachment":[{"href":"https:\/\/hookahshop.lt\/et\/wp-json\/wp\/v2\/media?parent=21476"}],"curies":[{"name":"wp","href":"https:\/\/api.w.org\/{rel}","templated":true}]}}