{"id":21533,"date":"2021-04-14T21:13:28","date_gmt":"2021-04-14T18:13:28","guid":{"rendered":"https:\/\/hookahshop.lt\/?post_type=product&#038;p=21533"},"modified":"2026-04-18T23:28:47","modified_gmt":"2026-04-18T20:28:47","slug":"kaljanas-na-grani-model-1","status":"publish","type":"product","link":"https:\/\/hookahshop.lt\/et\/toode\/vesipiip-na-grani-model-1\/","title":{"rendered":"Vesipiip NA GRANI Mudel 1"},"content":{"rendered":"<h2>Vesipiip NA GRANI Mudel 1<\/h2>\n<p>Kvaliteetse ja minimalistliku disainiga vesipiip t\u00f5mbab t\u00e4helepanu. Neile, kellele meeldivad kompaktsed vesipiibud v\u00f5i kes soovivad v\u00e4ikese vesipiibu loodusesse kaasa v\u00f5tta, sobib see mudel suurep\u00e4raselt, kuna on eriline selle poolest, et selle varrekonstruktsioon koosneb mitmest osast, mis v\u00f5imaldab muuta varre k\u00f5rgust. See vesipiip on valmistatud 100% roostevabast terasest AISI - 304, mis tagab vesipiibu pikaealisuse ja t\u00f6\u00f6kindluse, h\u00f5lbustab hooldust, ladustamist ja transporti. Vesipiip sobib nii kerge veoj\u00f5u austajatele kuna tegemist on hajutiga kui ka raskemaga kuna on v\u00f5imalik hajuti lahti keerata. See vesipiip sobib ka uustulnukatele vesipiibut\u00f6\u00f6stuses, kuna veetase vesipiibu \u0161ahtis on m\u00e4rgitud, et t\u00e4ita kolb \u00f5ige koguse veega.<\/p>\n<p><strong>Vesipiibu NA GRANI ei tule kolbi kaasa. <\/strong>Tootja s\u00f5nul on iga\u00fche maitse erinev, seega on selles kohas vabadus valida endale meelep\u00e4rane kolb. Kolb sobib universaalseks.<\/p>\n<p><strong>Spetsifikatsioon:<\/strong><br \/>\nVeoj\u00f5ud: klassikaline ja difuusor (keeratav hajuti)<br \/>\nV\u00f5lliosa: roostevaba teras<br \/>\nVesipiibu suitsu eemaldamine: vertikaalselt \u00fclespoole.<br \/>\nTootmisriik: Venemaa<\/p>\n<p><strong>Komplekt sisaldab:<\/strong><br \/>\n-V\u00f5ll (valitav) hajutist kuni tassi tihendini 48,5 cm<br \/>\n- plaat 20 cm<br \/>\n-Hajuti (p\u00f6\u00f6rleb, ei reguleeri)<br \/>\n-Silikoonivoolik must (pehme puudutusega) 1,5m.<br \/>\n- Suuosa 28 cm.<br \/>\n- Kesktasemel<br \/>\n- Puidust kast (kott)<\/p>\n<p>&nbsp;<\/p>\n<p>Kas teil on k\u00fcsimusi? v\u00f5ta meiega \u00fchendust\u00a0<a href=\"https:\/\/hookahshop.lt\/et\/kontaktid\/\">kontaktide leht<\/a>\u00a0v\u00f5i saatke meile e-kiri aadressil\u00a0<a href=\"https:\/\/facebook.com\/HookahShop.lt\/\" target=\"_blank\" rel=\"noopener noreferrer\">Facebooki konto<\/a>\u00a0ja vastame teie taotlusele samal p\u00e4eval.<\/p>","protected":false},"excerpt":{"rendered":"<p>Vesipiip NA GRANI Model 1 Kvaliteetse ja minimalistliku disainiga vesipiip k\u00f6idab t\u00e4helepanu. Neile, kellele meeldivad kompaktsed vesipiibud v\u00f5i kes soovivad v\u00e4ikese vesipiibu loodusesse kaasa v\u00f5tta, sobib see mudel suurep\u00e4raselt, kuna on eriline selle poolest, et selle mastikonstruktsioon koosneb mitmest osast, mis v\u00f5imaldab muuta masti k\u00f5rgust. See vesipiip on valmistatud 100% roostevabast terasest AISI - 304, see [\u2026]<\/p>","protected":false},"featured_media":21542,"comment_status":"open","ping_status":"closed","template":"","meta":[],"_links":{"self":[{"href":"https:\/\/hookahshop.lt\/et\/wp-json\/wp\/v2\/product\/21533"}],"collection":[{"href":"https:\/\/hookahshop.lt\/et\/wp-json\/wp\/v2\/product"}],"about":[{"href":"https:\/\/hookahshop.lt\/et\/wp-json\/wp\/v2\/types\/product"}],"replies":[{"embeddable":true,"href":"https:\/\/hookahshop.lt\/et\/wp-json\/wp\/v2\/comments?post=21533"}],"version-history":[{"count":6,"href":"https:\/\/hookahshop.lt\/et\/wp-json\/wp\/v2\/product\/21533\/revisions"}],"predecessor-version":[{"id":40351,"href":"https:\/\/hookahshop.lt\/et\/wp-json\/wp\/v2\/product\/21533\/revisions\/40351"}],"wp:featuredmedia":[{"embeddable":true,"href":"https:\/\/hookahshop.lt\/et\/wp-json\/wp\/v2\/media\/21542"}],"wp:attachment":[{"href":"https:\/\/hookahshop.lt\/et\/wp-json\/wp\/v2\/media?parent=21533"}],"curies":[{"name":"wp","href":"https:\/\/api.w.org\/{rel}","templated":true}]}}