{"id":21579,"date":"2021-04-16T17:21:31","date_gmt":"2021-04-16T14:21:31","guid":{"rendered":"https:\/\/hookahshop.lt\/?post_type=product&#038;p=21579"},"modified":"2026-04-14T23:28:57","modified_gmt":"2026-04-14T20:28:57","slug":"kaljanas-voodoo-smoke-down-black-gold","status":"publish","type":"product","link":"https:\/\/hookahshop.lt\/et\/toode\/vesipiip-voodoo-smoke-down-black-gold\/","title":{"rendered":"Vesipiip VOODOO Smoke Down Black Gold"},"content":{"rendered":"<h2>Vesipiip VOODOO Smoke Down Black Gold<\/h2>\n<p>VooDoo Smoke on Moskvas asuv vesipiibu ja tarvikute tootja, kes on p\u00e4lvinud oma usalduse vesipiibu turul. Voodoo Smoke on v\u00e4lja andnud uue eksklusiivse plaadi alt puhumiss\u00fcsteemiga mudeli - Smoke Down. Valmistatud kvaliteetsest Saksa pol\u00fcatsetaalist ja on \u00fcleni must.<br \/>\nVoodoo Smoke on kvaliteetne roostevabast terasest osade viimistlus. Voodoo Smoke arvestab vesipiibus\u00f5prade soovidega ja kehastab neid oma mudelites.<\/p>\n<p><strong>Varustus:<\/strong><br \/>\nV\u00f5ll, plaat, huulik, pehme voolik, vooliku\u00fchendus, tihendid.<\/p>\n<p><strong>Omadused:<\/strong><br \/>\nVesipiibu kaal: ~ 1560 gr<br \/>\nVesipiibu k\u00f5rgus: 440 mm<br \/>\nV\u00f5lli sisemine osa: roostevaba teras, D13 mm<br \/>\nPlastik: Saksa pol\u00fcatsetaal<br \/>\nSukeldatud v\u00f5lli osa: roostevaba teras, D13 mm<br \/>\nPeamine materjal: Saksa pol\u00fcatsetaal<br \/>\nVooliku pistik: O-r\u00f5ngas<br \/>\n\u00dchendusmaterjal: roostevaba teras<br \/>\nKlapi\u00fchendus: t\u00e4iesti unikaalne s\u00fcsteem konksu puhumiseks plaadi alt, sisemine<br \/>\nHajuti: r\u00f5ngast eemaldatav<br \/>\nHuulik: roostevaba teras<br \/>\nHuuliku pikkus: 300 mm, D10 mm<br \/>\nVoolik: silikoon<br \/>\nVooliku pikkus: 1500 mm<\/p>\n<p>Kas teil on k\u00fcsimusi? v\u00f5ta meiega \u00fchendust\u00a0<a href=\"https:\/\/hookahshop.lt\/et\/kontaktid\/\">kontaktide leht<\/a>\u00a0v\u00f5i saatke meile e-kiri aadressil\u00a0<a href=\"https:\/\/facebook.com\/HookahShop.lt\/\" target=\"_blank\" rel=\"noopener noreferrer\">Facebooki konto<\/a>\u00a0ja vastame teie taotlusele samal p\u00e4eval.<\/p>","protected":false},"excerpt":{"rendered":"<p>Vesipiibu VOODOO Smoke Down Black Gold VooDoo Smoke on vesipiipude ja tarvikute tootja Moskvast, kes on saavutanud usalduse vesipiibuturul. Voodoo Smoke on v\u00e4lja andnud uue eksklusiivse plaadi alt puhumiss\u00fcsteemiga mudeli - Smoke Down. Valmistatud kvaliteetsest Saksa pol\u00fcatsetaalist ja on \u00fcleni must. Voodoo Smoke on kvaliteetne roostevabast terasest osade viimistlus. Voodoo Smoke [\u2026]<\/p>","protected":false},"featured_media":21580,"comment_status":"open","ping_status":"closed","template":"","meta":[],"_links":{"self":[{"href":"https:\/\/hookahshop.lt\/et\/wp-json\/wp\/v2\/product\/21579"}],"collection":[{"href":"https:\/\/hookahshop.lt\/et\/wp-json\/wp\/v2\/product"}],"about":[{"href":"https:\/\/hookahshop.lt\/et\/wp-json\/wp\/v2\/types\/product"}],"replies":[{"embeddable":true,"href":"https:\/\/hookahshop.lt\/et\/wp-json\/wp\/v2\/comments?post=21579"}],"version-history":[{"count":5,"href":"https:\/\/hookahshop.lt\/et\/wp-json\/wp\/v2\/product\/21579\/revisions"}],"predecessor-version":[{"id":29345,"href":"https:\/\/hookahshop.lt\/et\/wp-json\/wp\/v2\/product\/21579\/revisions\/29345"}],"wp:featuredmedia":[{"embeddable":true,"href":"https:\/\/hookahshop.lt\/et\/wp-json\/wp\/v2\/media\/21580"}],"wp:attachment":[{"href":"https:\/\/hookahshop.lt\/et\/wp-json\/wp\/v2\/media?parent=21579"}],"curies":[{"name":"wp","href":"https:\/\/api.w.org\/{rel}","templated":true}]}}