{"id":21853,"date":"2021-04-22T13:47:14","date_gmt":"2021-04-22T10:47:14","guid":{"rendered":"https:\/\/hookahshop.lt\/?post_type=product&#038;p=21853"},"modified":"2026-04-16T23:29:45","modified_gmt":"2026-04-16T20:29:45","slug":"turistine-dujine-virykle-su-apsauga","status":"publish","type":"product","link":"https:\/\/hookahshop.lt\/et\/toode\/travel-gaasipliit-kaitsega\/","title":{"rendered":"Travel gaasipliit kaitsega"},"content":{"rendered":"<h2>Travel gaasipliit kaitsega<\/h2>\n<p>T\u00e4nu suurep\u00e4rasele kaalu ja v\u00f5imsuse suhtele on pliit ideaalne matkajatele ja reisijatele. Roostevabast terasest hoidikuid kokku voltides mahutate pliidi mugavalt kaasasolevasse kotti.<\/p>\n<p><strong>Toote omadused:<\/strong><\/p>\n<p>Pliit on valmistatud kuumakindlast ja pressitud terasest.<br \/>\nIntegreeritud piesoelektriline s\u00fc\u00fcde \u2013 pole vaja kasutada tikke ega v\u00e4lgumihkleid!<br \/>\nLeegi v\u00f5imsust juhib mugav k\u00e4epide \u2013 klapp.<br \/>\nIntegreeritud leegikaitse \u00f5hul\u00f6\u00f6kide eest.<br \/>\nKasutatakse odavaid ja populaarseid dosaatoreid MSF-1a!<br \/>\nPliiti on lihtne kokku panna, lihtne kasutada ja puhastada!<br \/>\nT\u00c4HELEPANU: balloon tuleb \u00fchendada \u00fchendusega (gaasivoolu reguleerimise nupuga) ja keerata sisse, kuni see kahes lukustuspunktis paigale lukustub! Pudel tuleb p\u00e4rast iga kasutuskorda lahti v\u00f5tta!<\/p>\n<p><strong>Tehnilised andmed:<\/strong><\/p>\n<p>Silindri t\u00fc\u00fcp: MSF-1a<br \/>\nMaterjal: teras<br \/>\nS\u00fc\u00fcde: piesoelektriline (pole vaja tikke \/ tulemasinaid)<br \/>\nMugav leegi juhtimine (k\u00e4epide)<br \/>\nK\u00f5rgus: 9 cm<br \/>\nLaius: 20 cm<br \/>\nV\u00e4rv: punane ja h\u00f5bedane<br \/>\nKaasas reisikott<br \/>\nPakend: pappkarp<br \/>\n<strong>M\u00c4RKUS. Komplektis ei ole kanistrit<\/strong><\/p>\n<p>Kas teil on k\u00fcsimusi? v\u00f5ta meiega \u00fchendust\u00a0<a href=\"https:\/\/hookahshop.lt\/et\/kontaktid\/\">kontaktide leht<\/a>\u00a0v\u00f5i saatke meile e-kiri aadressil\u00a0<a href=\"https:\/\/facebook.com\/HookahShop.lt\/\" target=\"_blank\" rel=\"noopener noreferrer\">Facebooki konto<\/a>\u00a0ja vastame teie taotlusele samal p\u00e4eval.<\/p>","protected":false},"excerpt":{"rendered":"<p>Kaitsega reisigaasipliit Pliit on oma suurep\u00e4rase kaalu ja v\u00f5imsuse suhte t\u00f5ttu ideaalne matkajatele ja reisijatele. Roostevabast terasest hoidikuid kokku voltides mahub pliit mugavalt kaasasolevasse kotti. Toote omadused: Pliit on valmistatud kuumakindlast ja pressitud terasest. Integreeritud piesoelektriline s\u00fc\u00fcde \u2013 pole vaja kasutada tikke ega v\u00e4lgumihkleid! Leegi v\u00f5imsust juhib mugav k\u00e4epide \u2013 klapp. Integreeritud leegikaitse \u00f5hul\u00f6\u00f6kide eest. Kasutatud odavalt [\u2026]<\/p>","protected":false},"featured_media":21855,"comment_status":"open","ping_status":"closed","template":"","meta":[],"_links":{"self":[{"href":"https:\/\/hookahshop.lt\/et\/wp-json\/wp\/v2\/product\/21853"}],"collection":[{"href":"https:\/\/hookahshop.lt\/et\/wp-json\/wp\/v2\/product"}],"about":[{"href":"https:\/\/hookahshop.lt\/et\/wp-json\/wp\/v2\/types\/product"}],"replies":[{"embeddable":true,"href":"https:\/\/hookahshop.lt\/et\/wp-json\/wp\/v2\/comments?post=21853"}],"version-history":[{"count":3,"href":"https:\/\/hookahshop.lt\/et\/wp-json\/wp\/v2\/product\/21853\/revisions"}],"predecessor-version":[{"id":21859,"href":"https:\/\/hookahshop.lt\/et\/wp-json\/wp\/v2\/product\/21853\/revisions\/21859"}],"wp:featuredmedia":[{"embeddable":true,"href":"https:\/\/hookahshop.lt\/et\/wp-json\/wp\/v2\/media\/21855"}],"wp:attachment":[{"href":"https:\/\/hookahshop.lt\/et\/wp-json\/wp\/v2\/media?parent=21853"}],"curies":[{"name":"wp","href":"https:\/\/api.w.org\/{rel}","templated":true}]}}