{"id":21861,"date":"2021-04-22T14:41:41","date_gmt":"2021-04-22T11:41:41","guid":{"rendered":"https:\/\/hookahshop.lt\/?post_type=product&#038;p=21861"},"modified":"2026-04-11T23:29:09","modified_gmt":"2026-04-11T20:29:09","slug":"kolba-kaljanui-aladin-admiral-black","status":"publish","type":"product","link":"https:\/\/hookahshop.lt\/et\/toode\/kolb-vesipiibu-aladin-admiral-black\/","title":{"rendered":"Kolb ALADIN Admiral Black"},"content":{"rendered":"<h2>Kolb ALADIN Admiral Black<\/h2>\n<p>Keermega kolb on m\u00f5eldud ainult ALADIN Admiral vesipiibu jaoks.<br \/>\nV\u00e4rv must.<\/p>\n<p>&nbsp;<\/p>\n<p>Kas teil on k\u00fcsimusi? v\u00f5ta meiega \u00fchendust\u00a0<a href=\"https:\/\/hookahshop.lt\/et\/kontaktid\/\">kontaktide leht<\/a>\u00a0v\u00f5i saatke meile e-kiri aadressil\u00a0<a href=\"https:\/\/facebook.com\/HookahShop.lt\/\" target=\"_blank\" rel=\"noopener noreferrer\">Facebooki konto<\/a>\u00a0ja vastame teie taotlusele samal p\u00e4eval.<\/p>\n<p>&nbsp;<\/p>\n<p>&nbsp;<\/p>\n<p>&nbsp;<\/p>","protected":false},"excerpt":{"rendered":"<p>Konksuga kolb ALADIN Admiral Black Keermega kolb ainult ALADIN Admiral konksule. V\u00e4rv must. Kas teil on k\u00fcsimusi? V\u00f5tke meiega \u00fchendust kontaktide lehel v\u00f5i kirjutage meile oma Facebooki kontol ja vastame teie p\u00e4ringule samal p\u00e4eval. &nbsp; &nbsp; &nbsp;<\/p>","protected":false},"featured_media":21871,"comment_status":"open","ping_status":"closed","template":"","meta":[],"_links":{"self":[{"href":"https:\/\/hookahshop.lt\/et\/wp-json\/wp\/v2\/product\/21861"}],"collection":[{"href":"https:\/\/hookahshop.lt\/et\/wp-json\/wp\/v2\/product"}],"about":[{"href":"https:\/\/hookahshop.lt\/et\/wp-json\/wp\/v2\/types\/product"}],"replies":[{"embeddable":true,"href":"https:\/\/hookahshop.lt\/et\/wp-json\/wp\/v2\/comments?post=21861"}],"version-history":[{"count":4,"href":"https:\/\/hookahshop.lt\/et\/wp-json\/wp\/v2\/product\/21861\/revisions"}],"predecessor-version":[{"id":42983,"href":"https:\/\/hookahshop.lt\/et\/wp-json\/wp\/v2\/product\/21861\/revisions\/42983"}],"wp:featuredmedia":[{"embeddable":true,"href":"https:\/\/hookahshop.lt\/et\/wp-json\/wp\/v2\/media\/21871"}],"wp:attachment":[{"href":"https:\/\/hookahshop.lt\/et\/wp-json\/wp\/v2\/media?parent=21861"}],"curies":[{"name":"wp","href":"https:\/\/api.w.org\/{rel}","templated":true}]}}