{"id":21870,"date":"2021-04-22T15:14:05","date_gmt":"2021-04-22T12:14:05","guid":{"rendered":"https:\/\/hookahshop.lt\/?post_type=product&#038;p=21870"},"modified":"2026-05-05T23:29:25","modified_gmt":"2026-05-05T20:29:25","slug":"kaljanas-ocean-hookah-kaif-steel-blue-chrome","status":"publish","type":"product","link":"https:\/\/hookahshop.lt\/et\/toode\/vesipiip-ocean-hookah-kaif-steel-blue-chrome\/","title":{"rendered":"Vesipiip OCEAN HOOKAH Kaif Steel Blue Chrome"},"content":{"rendered":"<h2>Vesipiip OCEAN Vesipiip Kaif terassinine kroom<\/h2>\n<p>K\u00f5ik vesipiibu metallosad on valmistatud V2A roostevabast terasest. Seda Oceani ei toodetud nagu tavaliselt Saksamaal, kuid kvaliteedikontrolli tagab OCEAN GmbH.<\/p>\n<p><strong>Varustus:<\/strong><\/p>\n<p>Tassi tihend<br \/>\nTassi adapter<br \/>\nPlaat<br \/>\nVarre on valmistatud akr\u00fc\u00fclist<br \/>\nAlus \u00fche vooliku\u00fchendusega<br \/>\nSukelduspump<br \/>\nHajuti<br \/>\nHuulik on valmistatud akr\u00fc\u00fclist<br \/>\nMust matt silikoonist voolik<br \/>\nKolb<br \/>\nTangid<\/p>\n<p><strong>Tehnilised andmed:<\/strong><\/p>\n<p>\u00dcldk\u00f5rgus: umbes 58 cm<br \/>\nSukeltoru pikkus koos difuusoriga: umbes 20,5 cm<br \/>\nHuuliku pikkus: umbes 35,5 cm<\/p>\n<p>Kas teil on k\u00fcsimusi? v\u00f5ta meiega \u00fchendust\u00a0<a href=\"https:\/\/hookahshop.lt\/et\/kontaktid\/\">kontaktide leht<\/a>\u00a0v\u00f5i saatke meile e-kiri aadressil\u00a0<a href=\"https:\/\/facebook.com\/HookahShop.lt\/\" target=\"_blank\" rel=\"noopener noreferrer\">Facebooki konto<\/a>\u00a0ja vastame teie taotlusele samal p\u00e4eval.<\/p>","protected":false},"excerpt":{"rendered":"<p>Vesipiibu OCEAN Vesipiibu Kaif Steel Blue Chrome K\u00f5ik vesipiibu metallosad on valmistatud V2A roostevabast terasest. Seda Oceani ei toodetud nagu tavaliselt Saksamaal, vaid kvaliteedikontrolli tagab OCEAN GmbH. Tarnekomplekt: tassi tihend Tassi adapter Plaadi vars akr\u00fc\u00fclist Alus \u00fche vooliku\u00fchendusega Sukelduv toru (v\u00f5ll) Hajuti Akr\u00fc\u00fclist huulik Must matt [\u2026]<\/p>","protected":false},"featured_media":21891,"comment_status":"open","ping_status":"closed","template":"","meta":[],"_links":{"self":[{"href":"https:\/\/hookahshop.lt\/et\/wp-json\/wp\/v2\/product\/21870"}],"collection":[{"href":"https:\/\/hookahshop.lt\/et\/wp-json\/wp\/v2\/product"}],"about":[{"href":"https:\/\/hookahshop.lt\/et\/wp-json\/wp\/v2\/types\/product"}],"replies":[{"embeddable":true,"href":"https:\/\/hookahshop.lt\/et\/wp-json\/wp\/v2\/comments?post=21870"}],"version-history":[{"count":3,"href":"https:\/\/hookahshop.lt\/et\/wp-json\/wp\/v2\/product\/21870\/revisions"}],"predecessor-version":[{"id":22938,"href":"https:\/\/hookahshop.lt\/et\/wp-json\/wp\/v2\/product\/21870\/revisions\/22938"}],"wp:featuredmedia":[{"embeddable":true,"href":"https:\/\/hookahshop.lt\/et\/wp-json\/wp\/v2\/media\/21891"}],"wp:attachment":[{"href":"https:\/\/hookahshop.lt\/et\/wp-json\/wp\/v2\/media?parent=21870"}],"curies":[{"name":"wp","href":"https:\/\/api.w.org\/{rel}","templated":true}]}}