{"id":21875,"date":"2021-04-22T15:03:28","date_gmt":"2021-04-22T12:03:28","guid":{"rendered":"https:\/\/hookahshop.lt\/?post_type=product&#038;p=21875"},"modified":"2026-04-06T23:29:03","modified_gmt":"2026-04-06T20:29:03","slug":"kolba-kaljanui-su-sriegiu-aladin-alux-admiral-silver","status":"publish","type":"product","link":"https:\/\/hookahshop.lt\/et\/toode\/kolb-aladin-alux-admiral-silver\/","title":{"rendered":"Kolb ALADIN Alux Admiral Silver"},"content":{"rendered":"<h2 class=\"product--title\">Kolb ALADIN Alux Admiral Silver<\/h2>\n<p>Keermega kolb on m\u00f5eldud ainult ALADIN Admiral vesipiibu jaoks.<br \/>\nV\u00e4rv - h\u00f5bedane.<\/p>\n<p>&nbsp;<\/p>\n<p>Kas teil on k\u00fcsimusi? v\u00f5ta meiega \u00fchendust\u00a0<a href=\"https:\/\/hookahshop.lt\/et\/kontaktid\/\">kontaktide leht<\/a>\u00a0v\u00f5i saatke meile e-kiri aadressil\u00a0<a href=\"https:\/\/facebook.com\/HookahShop.lt\/\" target=\"_blank\" rel=\"noopener noreferrer\">Facebooki konto<\/a>\u00a0ja vastame teie taotlusele samal p\u00e4eval.<\/p>\n<p>&nbsp;<\/p>","protected":false},"excerpt":{"rendered":"<p>Konksuga kolb ALADIN Alux Admiral Silver Flask keermega ainult ALADIN Admiral konksule. V\u00e4rv - h\u00f5bedane. Kas teil on k\u00fcsimusi? V\u00f5tke meiega \u00fchendust kontaktide lehel v\u00f5i kirjutage meile oma Facebooki kontol ja vastame teie p\u00e4ringule samal p\u00e4eval. &nbsp;<\/p>","protected":false},"featured_media":21880,"comment_status":"open","ping_status":"closed","template":"","meta":[],"_links":{"self":[{"href":"https:\/\/hookahshop.lt\/et\/wp-json\/wp\/v2\/product\/21875"}],"collection":[{"href":"https:\/\/hookahshop.lt\/et\/wp-json\/wp\/v2\/product"}],"about":[{"href":"https:\/\/hookahshop.lt\/et\/wp-json\/wp\/v2\/types\/product"}],"replies":[{"embeddable":true,"href":"https:\/\/hookahshop.lt\/et\/wp-json\/wp\/v2\/comments?post=21875"}],"version-history":[{"count":5,"href":"https:\/\/hookahshop.lt\/et\/wp-json\/wp\/v2\/product\/21875\/revisions"}],"predecessor-version":[{"id":40386,"href":"https:\/\/hookahshop.lt\/et\/wp-json\/wp\/v2\/product\/21875\/revisions\/40386"}],"wp:featuredmedia":[{"embeddable":true,"href":"https:\/\/hookahshop.lt\/et\/wp-json\/wp\/v2\/media\/21880"}],"wp:attachment":[{"href":"https:\/\/hookahshop.lt\/et\/wp-json\/wp\/v2\/media?parent=21875"}],"curies":[{"name":"wp","href":"https:\/\/api.w.org\/{rel}","templated":true}]}}