{"id":21887,"date":"2021-04-22T15:12:39","date_gmt":"2021-04-22T12:12:39","guid":{"rendered":"https:\/\/hookahshop.lt\/?post_type=product&#038;p=21887"},"modified":"2026-04-18T23:28:58","modified_gmt":"2026-04-18T20:28:58","slug":"kolba-kaljanui-su-sriegiu-aladin-alux-m2-black","status":"publish","type":"product","link":"https:\/\/hookahshop.lt\/et\/toode\/kolb-aladin-alux-m2-black\/","title":{"rendered":"Kolb ALADIN Alux M2 Must"},"content":{"rendered":"<h2>Kolb ALADIN Alux M2 Must<\/h2>\n<p>Keermega kolb on ainult ALADIN Alux M2 vesipiibu jaoks.<br \/>\nV\u00e4rv must.<\/p>\n<p>&nbsp;<\/p>\n<p>Kas teil on k\u00fcsimusi? v\u00f5ta meiega \u00fchendust\u00a0<a href=\"https:\/\/hookahshop.lt\/et\/kontaktid\/\">kontaktide leht<\/a>\u00a0v\u00f5i saatke meile e-kiri aadressil\u00a0<a href=\"https:\/\/facebook.com\/HookahShop.lt\/\" target=\"_blank\" rel=\"noopener noreferrer\">Facebooki konto<\/a>\u00a0ja vastame teie taotlusele samal p\u00e4eval.<\/p>","protected":false},"excerpt":{"rendered":"<p>Konks keermele ALADIN Alux M2 must Keermega kolb ainult ALADIN Alux M2 konksule. V\u00e4rv must. Kas teil on k\u00fcsimusi? V\u00f5tke meiega \u00fchendust kontaktide lehel v\u00f5i kirjutage meile oma Facebooki kontol ja vastame teie p\u00e4ringule samal p\u00e4eval.<\/p>","protected":false},"featured_media":21888,"comment_status":"open","ping_status":"closed","template":"","meta":[],"_links":{"self":[{"href":"https:\/\/hookahshop.lt\/et\/wp-json\/wp\/v2\/product\/21887"}],"collection":[{"href":"https:\/\/hookahshop.lt\/et\/wp-json\/wp\/v2\/product"}],"about":[{"href":"https:\/\/hookahshop.lt\/et\/wp-json\/wp\/v2\/types\/product"}],"replies":[{"embeddable":true,"href":"https:\/\/hookahshop.lt\/et\/wp-json\/wp\/v2\/comments?post=21887"}],"version-history":[{"count":3,"href":"https:\/\/hookahshop.lt\/et\/wp-json\/wp\/v2\/product\/21887\/revisions"}],"predecessor-version":[{"id":21900,"href":"https:\/\/hookahshop.lt\/et\/wp-json\/wp\/v2\/product\/21887\/revisions\/21900"}],"wp:featuredmedia":[{"embeddable":true,"href":"https:\/\/hookahshop.lt\/et\/wp-json\/wp\/v2\/media\/21888"}],"wp:attachment":[{"href":"https:\/\/hookahshop.lt\/et\/wp-json\/wp\/v2\/media?parent=21887"}],"curies":[{"name":"wp","href":"https:\/\/api.w.org\/{rel}","templated":true}]}}