{"id":21910,"date":"2021-04-22T15:22:43","date_gmt":"2021-04-22T12:22:43","guid":{"rendered":"https:\/\/hookahshop.lt\/?post_type=product&#038;p=21910"},"modified":"2026-04-14T23:29:09","modified_gmt":"2026-04-14T20:29:09","slug":"kolba-kaljanui-su-sriegiu-aladin-alux-m3-silver","status":"publish","type":"product","link":"https:\/\/hookahshop.lt\/et\/toode\/kolb-aladin-alux-m3-silver\/","title":{"rendered":"Kolb ALADIN Alux M3 Silver"},"content":{"rendered":"<h2>Kolb ALADIN Alux M3 Silver<\/h2>\n<p>Keermega kolb on ainult ALADIN Alux M3 vesipiibu jaoks.<br \/>\nV\u00e4rv - h\u00f5bedane.<\/p>\n<p>&nbsp;<\/p>\n<p>Kas teil on k\u00fcsimusi? v\u00f5ta meiega \u00fchendust\u00a0<a href=\"https:\/\/hookahshop.lt\/et\/kontaktid\/\">kontaktide leht<\/a>\u00a0v\u00f5i saatke meile e-kiri aadressil\u00a0<a href=\"https:\/\/facebook.com\/HookahShop.lt\/\" target=\"_blank\" rel=\"noopener noreferrer\">Facebooki konto<\/a>\u00a0ja vastame teie taotlusele samal p\u00e4eval.<\/p>","protected":false},"excerpt":{"rendered":"<p>Vesipiibu termos keermega ALADIN Alux M3 h\u00f5bedane Keermega termos on m\u00f5eldud ainult ALADIN Alux M3 vesipiibu jaoks. V\u00e4rvus - h\u00f5bedane. Kas teil on k\u00fcsimusi? V\u00f5tke meiega \u00fchendust kontaktide lehel v\u00f5i kirjutage meile Facebookis ja me vastame teie p\u00e4ringule samal p\u00e4eval.<\/p>","protected":false},"featured_media":21911,"comment_status":"open","ping_status":"closed","template":"","meta":[],"_links":{"self":[{"href":"https:\/\/hookahshop.lt\/et\/wp-json\/wp\/v2\/product\/21910"}],"collection":[{"href":"https:\/\/hookahshop.lt\/et\/wp-json\/wp\/v2\/product"}],"about":[{"href":"https:\/\/hookahshop.lt\/et\/wp-json\/wp\/v2\/types\/product"}],"replies":[{"embeddable":true,"href":"https:\/\/hookahshop.lt\/et\/wp-json\/wp\/v2\/comments?post=21910"}],"version-history":[{"count":3,"href":"https:\/\/hookahshop.lt\/et\/wp-json\/wp\/v2\/product\/21910\/revisions"}],"predecessor-version":[{"id":37508,"href":"https:\/\/hookahshop.lt\/et\/wp-json\/wp\/v2\/product\/21910\/revisions\/37508"}],"wp:featuredmedia":[{"embeddable":true,"href":"https:\/\/hookahshop.lt\/et\/wp-json\/wp\/v2\/media\/21911"}],"wp:attachment":[{"href":"https:\/\/hookahshop.lt\/et\/wp-json\/wp\/v2\/media?parent=21910"}],"curies":[{"name":"wp","href":"https:\/\/api.w.org\/{rel}","templated":true}]}}