{"id":21932,"date":"2021-04-22T20:06:57","date_gmt":"2021-04-22T17:06:57","guid":{"rendered":"https:\/\/hookahshop.lt\/?post_type=product&#038;p=21932"},"modified":"2026-04-09T12:28:47","modified_gmt":"2026-04-09T09:28:47","slug":"kolba-kaljanui-craft-transparent","status":"publish","type":"product","link":"https:\/\/hookahshop.lt\/et\/toode\/kolb-vesipiibu-craft-transparent\/","title":{"rendered":"Kolb vesipiibule CRAFT L\u00e4bipaistev"},"content":{"rendered":"<h2>Kolb vesipiibule CRAFT L\u00e4bipaistev<\/h2>\n<p>See on universaalne l\u00e4bipaistvast klaasist kolb.<\/p>\n<p><strong><span title=\"\">Spetsifikatsioonid:<\/span><\/strong><br \/>\nK\u00f5rgus: 265 mm<br \/>\nKaal: ~ 1620 g<br \/>\nKaela v\u00e4lisl\u00e4bim\u00f5\u00f5t: 74 mm<br \/>\nKaela sisel\u00e4bim\u00f5\u00f5t: 47 mm<br \/>\nToote materjal: klaas<\/p>\n<p>Kas teil on k\u00fcsimusi? v\u00f5ta meiega \u00fchendust\u00a0<a href=\"https:\/\/hookahshop.lt\/et\/kontaktid\/\">kontaktide leht<\/a>\u00a0v\u00f5i saatke meile e-kiri aadressil\u00a0<a href=\"https:\/\/facebook.com\/HookahShop.lt\/\" target=\"_blank\" rel=\"noopener noreferrer\">Facebooki konto<\/a>\u00a0ja vastame teie taotlusele samal p\u00e4eval.<\/p>","protected":false},"excerpt":{"rendered":"<p>Kolba kaljanui CRAFT Transparent Tai universali skaidri stiklin\u0117 kolba. Specifikacijos: Auk\u0161tis: 265 mm Svoris: ~ 1620 g I\u0161orinis kaklelio skersmuo: 74 mm Vidinis kaklelio skersmuo: 47 mm Produkto med\u017eiaga: stiklas Turite klausim\u0173? Susisiekite su mumis\u00a0kontakt\u0173 puslapyje\u00a0arba para\u0161ykite mums \u012f\u00a0Facebook paskyr\u0105\u00a0ir atsakysime \u012f j\u016bs\u0173 u\u017eklaus\u0105 dar t\u0105 pa\u010di\u0105 dien\u0105.<\/p>","protected":false},"featured_media":21940,"comment_status":"open","ping_status":"closed","template":"","meta":[],"_links":{"self":[{"href":"https:\/\/hookahshop.lt\/et\/wp-json\/wp\/v2\/product\/21932"}],"collection":[{"href":"https:\/\/hookahshop.lt\/et\/wp-json\/wp\/v2\/product"}],"about":[{"href":"https:\/\/hookahshop.lt\/et\/wp-json\/wp\/v2\/types\/product"}],"replies":[{"embeddable":true,"href":"https:\/\/hookahshop.lt\/et\/wp-json\/wp\/v2\/comments?post=21932"}],"version-history":[{"count":10,"href":"https:\/\/hookahshop.lt\/et\/wp-json\/wp\/v2\/product\/21932\/revisions"}],"predecessor-version":[{"id":42565,"href":"https:\/\/hookahshop.lt\/et\/wp-json\/wp\/v2\/product\/21932\/revisions\/42565"}],"wp:featuredmedia":[{"embeddable":true,"href":"https:\/\/hookahshop.lt\/et\/wp-json\/wp\/v2\/media\/21940"}],"wp:attachment":[{"href":"https:\/\/hookahshop.lt\/et\/wp-json\/wp\/v2\/media?parent=21932"}],"curies":[{"name":"wp","href":"https:\/\/api.w.org\/{rel}","templated":true}]}}