{"id":21943,"date":"2021-04-22T21:10:28","date_gmt":"2021-04-22T18:10:28","guid":{"rendered":"https:\/\/hookahshop.lt\/?post_type=product&#038;p=21943"},"modified":"2026-04-18T23:28:59","modified_gmt":"2026-04-18T20:28:59","slug":"kolba-kaljanui-su-sriegiu-aladin-rocket-clear","status":"publish","type":"product","link":"https:\/\/hookahshop.lt\/et\/toode\/kolb-aladin-rocket-clear\/","title":{"rendered":"Kolb ALADIN Rocket Clear"},"content":{"rendered":"<h2>Kolb ALADIN Rocket Clear<\/h2>\n<p>Keermega kolb on ainult ALADIN Rocket Clear vesipiibu jaoks.<br \/>\nV\u00e4rv - selge.<\/p>\n<p>&nbsp;<\/p>\n<p>Kas teil on k\u00fcsimusi? v\u00f5ta meiega \u00fchendust\u00a0<a href=\"https:\/\/hookahshop.lt\/et\/kontaktid\/\">kontaktide leht<\/a>\u00a0v\u00f5i saatke meile e-kiri aadressil\u00a0<a href=\"https:\/\/facebook.com\/HookahShop.lt\/\" target=\"_blank\" rel=\"noopener noreferrer\">Facebooki konto<\/a>\u00a0ja vastame teie taotlusele samal p\u00e4eval.<\/p>","protected":false},"excerpt":{"rendered":"<p>Keermega kolb ALADIN Rocket Clear keermega kolb on m\u00f5eldud ainult ALADIN Rocket Clear konksu jaoks. V\u00e4rv - selge. Kas teil on k\u00fcsimusi? V\u00f5tke meiega \u00fchendust kontaktide lehel v\u00f5i kirjutage meile oma Facebooki kontol ja vastame teie p\u00e4ringule samal p\u00e4eval.<\/p>","protected":false},"featured_media":21944,"comment_status":"open","ping_status":"closed","template":"","meta":[],"_links":{"self":[{"href":"https:\/\/hookahshop.lt\/et\/wp-json\/wp\/v2\/product\/21943"}],"collection":[{"href":"https:\/\/hookahshop.lt\/et\/wp-json\/wp\/v2\/product"}],"about":[{"href":"https:\/\/hookahshop.lt\/et\/wp-json\/wp\/v2\/types\/product"}],"replies":[{"embeddable":true,"href":"https:\/\/hookahshop.lt\/et\/wp-json\/wp\/v2\/comments?post=21943"}],"version-history":[{"count":3,"href":"https:\/\/hookahshop.lt\/et\/wp-json\/wp\/v2\/product\/21943\/revisions"}],"predecessor-version":[{"id":33533,"href":"https:\/\/hookahshop.lt\/et\/wp-json\/wp\/v2\/product\/21943\/revisions\/33533"}],"wp:featuredmedia":[{"embeddable":true,"href":"https:\/\/hookahshop.lt\/et\/wp-json\/wp\/v2\/media\/21944"}],"wp:attachment":[{"href":"https:\/\/hookahshop.lt\/et\/wp-json\/wp\/v2\/media?parent=21943"}],"curies":[{"name":"wp","href":"https:\/\/api.w.org\/{rel}","templated":true}]}}