{"id":21960,"date":"2021-04-22T21:27:31","date_gmt":"2021-04-22T18:27:31","guid":{"rendered":"https:\/\/hookahshop.lt\/?post_type=product&#038;p=21960"},"modified":"2026-04-18T23:28:58","modified_gmt":"2026-04-18T20:28:58","slug":"kolba-kaljanui-su-sriegiu-aladin-rocket-blue-clear","status":"publish","type":"product","link":"https:\/\/hookahshop.lt\/et\/toode\/kolb-aladin-rocket-blue-clear\/","title":{"rendered":"Kolb ALADIN Rocket Blue Clear"},"content":{"rendered":"<h2>Kolb ALADIN Rocket Blue Clear<\/h2>\n<p>Niidiga kolb on ainult ALADIN Rocket vesipiibu jaoks.<br \/>\nV\u00e4rv - sinine ja l\u00e4bipaistev.<\/p>\n<p>&nbsp;<\/p>\n<p>Kas teil on k\u00fcsimusi? v\u00f5ta meiega \u00fchendust\u00a0<a href=\"https:\/\/hookahshop.lt\/et\/kontaktid\/\">kontaktide leht<\/a>\u00a0v\u00f5i saatke meile e-kiri aadressil\u00a0<a href=\"https:\/\/facebook.com\/HookahShop.lt\/\" target=\"_blank\" rel=\"noopener noreferrer\">Facebooki konto<\/a>\u00a0ja vastame teie taotlusele samal p\u00e4eval.<\/p>","protected":false},"excerpt":{"rendered":"<p>Keermekonks ALADIN Rocket Blue Clear Keermestatud kolb ainult ALADIN Rocket konksule. V\u00e4rv - sinine ja l\u00e4bipaistev. Kas teil on k\u00fcsimusi? V\u00f5tke meiega \u00fchendust kontaktide lehel v\u00f5i kirjutage meile oma Facebooki kontol ja vastame teie p\u00e4ringule samal p\u00e4eval.<\/p>","protected":false},"featured_media":21964,"comment_status":"open","ping_status":"closed","template":"","meta":[],"_links":{"self":[{"href":"https:\/\/hookahshop.lt\/et\/wp-json\/wp\/v2\/product\/21960"}],"collection":[{"href":"https:\/\/hookahshop.lt\/et\/wp-json\/wp\/v2\/product"}],"about":[{"href":"https:\/\/hookahshop.lt\/et\/wp-json\/wp\/v2\/types\/product"}],"replies":[{"embeddable":true,"href":"https:\/\/hookahshop.lt\/et\/wp-json\/wp\/v2\/comments?post=21960"}],"version-history":[{"count":3,"href":"https:\/\/hookahshop.lt\/et\/wp-json\/wp\/v2\/product\/21960\/revisions"}],"predecessor-version":[{"id":40765,"href":"https:\/\/hookahshop.lt\/et\/wp-json\/wp\/v2\/product\/21960\/revisions\/40765"}],"wp:featuredmedia":[{"embeddable":true,"href":"https:\/\/hookahshop.lt\/et\/wp-json\/wp\/v2\/media\/21964"}],"wp:attachment":[{"href":"https:\/\/hookahshop.lt\/et\/wp-json\/wp\/v2\/media?parent=21960"}],"curies":[{"name":"wp","href":"https:\/\/api.w.org\/{rel}","templated":true}]}}