{"id":21970,"date":"2021-04-22T21:36:24","date_gmt":"2021-04-22T18:36:24","guid":{"rendered":"https:\/\/hookahshop.lt\/?post_type=product&#038;p=21970"},"modified":"2026-05-14T23:28:59","modified_gmt":"2026-05-14T20:28:59","slug":"kaljanas-ocean-hookah-kaif-s-blue-chrome","status":"publish","type":"product","link":"https:\/\/hookahshop.lt\/et\/toode\/vesipiip-ocean-hookah-kaif-s-blue-chrome\/","title":{"rendered":"Vesipiip OCEAN HOOKAH Kaif S Sinine kroom"},"content":{"rendered":"<h2>Vesipiip OCEAN HOOKAH Kaif S Sinine kroom<\/h2>\n<p>KAIF S versioon koos tuntud p\u00f5randaaluse v\u00e4ljalaskes\u00fcsteemiga. Selle k\u00f5rgus on 39 cm, ideaalne reisile kaasa v\u00f5tta v\u00f5i kodus kasutada.<\/p>\n<p><strong>Varustus:<\/strong><br \/>\nTassi tihend<br \/>\nTassi adapter<br \/>\nPlaat<br \/>\nVarre on valmistatud akr\u00fc\u00fclist<br \/>\nVooliku\u00fchendusega alus<br \/>\nSukeldatav toru<br \/>\nHajuti<br \/>\nHuulik on valmistatud akr\u00fc\u00fclist<br \/>\nMust matt silikoonist voolik<br \/>\nKolb<br \/>\nTangid<br \/>\nVesipiibu kott<\/p>\n<p>Kas teil on k\u00fcsimusi? v\u00f5ta meiega \u00fchendust\u00a0<a href=\"https:\/\/hookahshop.lt\/et\/kontaktid\/\">kontaktide leht<\/a>\u00a0v\u00f5i saatke meile e-kiri aadressil\u00a0<a href=\"https:\/\/facebook.com\/HookahShop.lt\/\" target=\"_blank\" rel=\"noopener noreferrer\">Facebooki konto<\/a>\u00a0ja vastame teie taotlusele samal p\u00e4eval.<\/p>","protected":false},"excerpt":{"rendered":"<p>Vesipiip OCEAN HOOKAH Kaif S Blue Chrome KAIF S versioon tuntud p\u00f5randaaluse v\u00e4ljalaskes\u00fcsteemiga. Selle k\u00f5rgus on 39 cm, ideaalne reisile kaasa v\u00f5tmiseks v\u00f5i kodus kasutamiseks. Tarnekomplekt: Tassi tihend Tassi adapter Plaadivars akr\u00fc\u00fclist Alus vooliku\u00fchendusega Sukelduv toru Hajuti Akr\u00fc\u00fclist huulik Must matt silikoon [\u2026]<\/p>","protected":false},"featured_media":28326,"comment_status":"open","ping_status":"closed","template":"","meta":[],"_links":{"self":[{"href":"https:\/\/hookahshop.lt\/et\/wp-json\/wp\/v2\/product\/21970"}],"collection":[{"href":"https:\/\/hookahshop.lt\/et\/wp-json\/wp\/v2\/product"}],"about":[{"href":"https:\/\/hookahshop.lt\/et\/wp-json\/wp\/v2\/types\/product"}],"replies":[{"embeddable":true,"href":"https:\/\/hookahshop.lt\/et\/wp-json\/wp\/v2\/comments?post=21970"}],"version-history":[{"count":8,"href":"https:\/\/hookahshop.lt\/et\/wp-json\/wp\/v2\/product\/21970\/revisions"}],"predecessor-version":[{"id":28358,"href":"https:\/\/hookahshop.lt\/et\/wp-json\/wp\/v2\/product\/21970\/revisions\/28358"}],"wp:featuredmedia":[{"embeddable":true,"href":"https:\/\/hookahshop.lt\/et\/wp-json\/wp\/v2\/media\/28326"}],"wp:attachment":[{"href":"https:\/\/hookahshop.lt\/et\/wp-json\/wp\/v2\/media?parent=21970"}],"curies":[{"name":"wp","href":"https:\/\/api.w.org\/{rel}","templated":true}]}}