{"id":21974,"date":"2021-04-22T21:43:51","date_gmt":"2021-04-22T18:43:51","guid":{"rendered":"https:\/\/hookahshop.lt\/?post_type=product&#038;p=21974"},"modified":"2026-04-19T23:29:14","modified_gmt":"2026-04-19T20:29:14","slug":"kolba-kaljanui-su-sriegiu-aladin-mvp470-flower","status":"publish","type":"product","link":"https:\/\/hookahshop.lt\/et\/toode\/kolb-aladin-mvp470-flower\/","title":{"rendered":"Kolb ALADIN MVP470 Flower"},"content":{"rendered":"<h2>Kolb ALADIN MVP470 Flower<\/h2>\n<p>Keermega kolb on m\u00f5eldud ainult ALADIN MVP470 vesipiibu jaoks.<br \/>\nV\u00e4rv - selge.<\/p>\n<p>&nbsp;<\/p>\n<p>Kas teil on k\u00fcsimusi? v\u00f5ta meiega \u00fchendust\u00a0<a href=\"https:\/\/hookahshop.lt\/et\/kontaktid\/\">kontaktide leht<\/a>\u00a0v\u00f5i saatke meile e-kiri aadressil\u00a0<a href=\"https:\/\/facebook.com\/HookahShop.lt\/\" target=\"_blank\" rel=\"noopener noreferrer\">Facebooki konto<\/a>\u00a0ja vastame teie taotlusele samal p\u00e4eval.<\/p>","protected":false},"excerpt":{"rendered":"<p>Konksuga kolb ALADIN MVP470 Flower Keermega kolb on ainult ALADIN MVP470 konksu jaoks. V\u00e4rv - selge. Kas teil on k\u00fcsimusi? V\u00f5tke meiega \u00fchendust kontaktide lehel v\u00f5i kirjutage meile oma Facebooki kontol ja vastame teie p\u00e4ringule samal p\u00e4eval.<\/p>","protected":false},"featured_media":21976,"comment_status":"open","ping_status":"closed","template":"","meta":[],"_links":{"self":[{"href":"https:\/\/hookahshop.lt\/et\/wp-json\/wp\/v2\/product\/21974"}],"collection":[{"href":"https:\/\/hookahshop.lt\/et\/wp-json\/wp\/v2\/product"}],"about":[{"href":"https:\/\/hookahshop.lt\/et\/wp-json\/wp\/v2\/types\/product"}],"replies":[{"embeddable":true,"href":"https:\/\/hookahshop.lt\/et\/wp-json\/wp\/v2\/comments?post=21974"}],"version-history":[{"count":2,"href":"https:\/\/hookahshop.lt\/et\/wp-json\/wp\/v2\/product\/21974\/revisions"}],"predecessor-version":[{"id":21978,"href":"https:\/\/hookahshop.lt\/et\/wp-json\/wp\/v2\/product\/21974\/revisions\/21978"}],"wp:featuredmedia":[{"embeddable":true,"href":"https:\/\/hookahshop.lt\/et\/wp-json\/wp\/v2\/media\/21976"}],"wp:attachment":[{"href":"https:\/\/hookahshop.lt\/et\/wp-json\/wp\/v2\/media?parent=21974"}],"curies":[{"name":"wp","href":"https:\/\/api.w.org\/{rel}","templated":true}]}}