{"id":21979,"date":"2021-04-22T21:46:56","date_gmt":"2021-04-22T18:46:56","guid":{"rendered":"https:\/\/hookahshop.lt\/?post_type=product&#038;p=21979"},"modified":"2026-04-18T23:28:58","modified_gmt":"2026-04-18T20:28:58","slug":"kolba-kaljanui-su-sriegiu-aladin-mvp470-cube","status":"publish","type":"product","link":"https:\/\/hookahshop.lt\/et\/toode\/kolb-aladin-mvp470-cube\/","title":{"rendered":"Kolb ALADIN MVP470 Cube"},"content":{"rendered":"<h2>Kolb ALADIN MVP470 Cube<\/h2>\n<p>Keermega kolb on m\u00f5eldud ainult ALADIN MVP470 vesipiibu jaoks.<br \/>\nV\u00e4rv - selge.<\/p>\n<p>&nbsp;<\/p>\n<p>Kas teil on k\u00fcsimusi? v\u00f5ta meiega \u00fchendust\u00a0<a href=\"https:\/\/hookahshop.lt\/et\/kontaktid\/\">kontaktide leht<\/a>\u00a0v\u00f5i saatke meile e-kiri aadressil\u00a0<a href=\"https:\/\/facebook.com\/HookahShop.lt\/\" target=\"_blank\" rel=\"noopener noreferrer\">Facebooki konto<\/a>\u00a0ja vastame teie taotlusele samal p\u00e4eval.<\/p>","protected":false},"excerpt":{"rendered":"<p>Konksuga kolb ALADIN MVP470 kuubikkolb keermega ainult ALADIN MVP470 konksu jaoks. V\u00e4rv - selge. Kas teil on k\u00fcsimusi? V\u00f5tke meiega \u00fchendust kontaktide lehel v\u00f5i kirjutage meile oma Facebooki kontol ja vastame teie p\u00e4ringule samal p\u00e4eval.<\/p>","protected":false},"featured_media":21980,"comment_status":"open","ping_status":"closed","template":"","meta":[],"_links":{"self":[{"href":"https:\/\/hookahshop.lt\/et\/wp-json\/wp\/v2\/product\/21979"}],"collection":[{"href":"https:\/\/hookahshop.lt\/et\/wp-json\/wp\/v2\/product"}],"about":[{"href":"https:\/\/hookahshop.lt\/et\/wp-json\/wp\/v2\/types\/product"}],"replies":[{"embeddable":true,"href":"https:\/\/hookahshop.lt\/et\/wp-json\/wp\/v2\/comments?post=21979"}],"version-history":[{"count":5,"href":"https:\/\/hookahshop.lt\/et\/wp-json\/wp\/v2\/product\/21979\/revisions"}],"predecessor-version":[{"id":33936,"href":"https:\/\/hookahshop.lt\/et\/wp-json\/wp\/v2\/product\/21979\/revisions\/33936"}],"wp:featuredmedia":[{"embeddable":true,"href":"https:\/\/hookahshop.lt\/et\/wp-json\/wp\/v2\/media\/21980"}],"wp:attachment":[{"href":"https:\/\/hookahshop.lt\/et\/wp-json\/wp\/v2\/media?parent=21979"}],"curies":[{"name":"wp","href":"https:\/\/api.w.org\/{rel}","templated":true}]}}