{"id":21994,"date":"2021-04-22T23:21:18","date_gmt":"2021-04-22T20:21:18","guid":{"rendered":"https:\/\/hookahshop.lt\/?post_type=product&#038;p=21994"},"modified":"2026-04-06T23:29:04","modified_gmt":"2026-04-06T20:29:04","slug":"kolba-kaljanui-su-sriegiu-aladin-mvp460-m1-black","status":"publish","type":"product","link":"https:\/\/hookahshop.lt\/et\/toode\/kolb-aladin-mvp460-m1-black\/","title":{"rendered":"Kolb ALADIN MVP460 M1 Must"},"content":{"rendered":"<h2>Kolb ALADIN MVP460 M1 Must<\/h2>\n<p>Keermega kolb on ainult ALADIN MVP460 M1 vesipiibu jaoks.<br \/>\nV\u00e4rv must.<\/p>\n<p>&nbsp;<\/p>\n<p>Kas teil on k\u00fcsimusi? v\u00f5ta meiega \u00fchendust\u00a0<a href=\"https:\/\/hookahshop.lt\/et\/kontaktid\/\">kontaktide leht<\/a>\u00a0v\u00f5i saatke meile e-kiri aadressil\u00a0<a href=\"https:\/\/facebook.com\/HookahShop.lt\/\" target=\"_blank\" rel=\"noopener noreferrer\">Facebooki konto<\/a>\u00a0ja vastame teie taotlusele samal p\u00e4eval.<\/p>","protected":false},"excerpt":{"rendered":"<p>Konksuga kolb ALADIN MVP460 M1 must keermega kolb on ainult ALADIN MVP460 M1 konksu jaoks. V\u00e4rv must. Kas teil on k\u00fcsimusi? V\u00f5tke meiega \u00fchendust kontaktide lehel v\u00f5i kirjutage meile oma Facebooki kontol ja vastame teie p\u00e4ringule samal p\u00e4eval.<\/p>","protected":false},"featured_media":21995,"comment_status":"open","ping_status":"closed","template":"","meta":[],"_links":{"self":[{"href":"https:\/\/hookahshop.lt\/et\/wp-json\/wp\/v2\/product\/21994"}],"collection":[{"href":"https:\/\/hookahshop.lt\/et\/wp-json\/wp\/v2\/product"}],"about":[{"href":"https:\/\/hookahshop.lt\/et\/wp-json\/wp\/v2\/types\/product"}],"replies":[{"embeddable":true,"href":"https:\/\/hookahshop.lt\/et\/wp-json\/wp\/v2\/comments?post=21994"}],"version-history":[{"count":4,"href":"https:\/\/hookahshop.lt\/et\/wp-json\/wp\/v2\/product\/21994\/revisions"}],"predecessor-version":[{"id":42979,"href":"https:\/\/hookahshop.lt\/et\/wp-json\/wp\/v2\/product\/21994\/revisions\/42979"}],"wp:featuredmedia":[{"embeddable":true,"href":"https:\/\/hookahshop.lt\/et\/wp-json\/wp\/v2\/media\/21995"}],"wp:attachment":[{"href":"https:\/\/hookahshop.lt\/et\/wp-json\/wp\/v2\/media?parent=21994"}],"curies":[{"name":"wp","href":"https:\/\/api.w.org\/{rel}","templated":true}]}}