{"id":22007,"date":"2021-04-22T23:43:06","date_gmt":"2021-04-22T20:43:06","guid":{"rendered":"https:\/\/hookahshop.lt\/?post_type=product&#038;p=22007"},"modified":"2026-04-22T23:29:19","modified_gmt":"2026-04-22T20:29:19","slug":"kolba-kaljanui-su-sriegiu-aladin-mvp360-gold-edition-clear","status":"publish","type":"product","link":"https:\/\/hookahshop.lt\/et\/toode\/kolb-aladin-mvp360-gold-edition-clear\/","title":{"rendered":"Kolb ALADIN MVP360 Gold Edition Clear"},"content":{"rendered":"<h2>Kolb ALADIN MVP360 Gold Edition Clear<\/h2>\n<p>Keermestatud kolb on m\u00f5eldud ainult vesipiibule ALADIN MVP360.<br \/>\nV\u00e4rv - selge.<\/p>\n<p>&nbsp;<\/p>\n<p>Kas teil on k\u00fcsimusi? v\u00f5ta meiega \u00fchendust\u00a0<a href=\"https:\/\/hookahshop.lt\/et\/kontaktid\/\">kontaktide leht<\/a>\u00a0v\u00f5i saatke meile e-kiri aadressil\u00a0<a href=\"https:\/\/facebook.com\/HookahShop.lt\/\" target=\"_blank\" rel=\"noopener noreferrer\">Facebooki konto<\/a>\u00a0ja vastame teie taotlusele samal p\u00e4eval.<\/p>","protected":false},"excerpt":{"rendered":"<p>Keermega kolb ALADIN MVP360 Gold Edition Clear Keermega kolb Ainult ALADIN MVP360. V\u00e4rv - selge. Kas teil on k\u00fcsimusi? V\u00f5tke meiega \u00fchendust kontaktide lehel v\u00f5i kirjutage meile oma Facebooki kontol ja vastame teie p\u00e4ringule samal p\u00e4eval.<\/p>","protected":false},"featured_media":22008,"comment_status":"open","ping_status":"closed","template":"","meta":[],"_links":{"self":[{"href":"https:\/\/hookahshop.lt\/et\/wp-json\/wp\/v2\/product\/22007"}],"collection":[{"href":"https:\/\/hookahshop.lt\/et\/wp-json\/wp\/v2\/product"}],"about":[{"href":"https:\/\/hookahshop.lt\/et\/wp-json\/wp\/v2\/types\/product"}],"replies":[{"embeddable":true,"href":"https:\/\/hookahshop.lt\/et\/wp-json\/wp\/v2\/comments?post=22007"}],"version-history":[{"count":3,"href":"https:\/\/hookahshop.lt\/et\/wp-json\/wp\/v2\/product\/22007\/revisions"}],"predecessor-version":[{"id":37509,"href":"https:\/\/hookahshop.lt\/et\/wp-json\/wp\/v2\/product\/22007\/revisions\/37509"}],"wp:featuredmedia":[{"embeddable":true,"href":"https:\/\/hookahshop.lt\/et\/wp-json\/wp\/v2\/media\/22008"}],"wp:attachment":[{"href":"https:\/\/hookahshop.lt\/et\/wp-json\/wp\/v2\/media?parent=22007"}],"curies":[{"name":"wp","href":"https:\/\/api.w.org\/{rel}","templated":true}]}}