{"id":22039,"date":"2021-04-23T14:10:10","date_gmt":"2021-04-23T11:10:10","guid":{"rendered":"https:\/\/hookahshop.lt\/?post_type=product&#038;p=22039"},"modified":"2026-04-14T23:28:48","modified_gmt":"2026-04-14T20:28:48","slug":"kaljanas-honey-sigh-mini-exclusive-dragon-and-tiger","status":"publish","type":"product","link":"https:\/\/hookahshop.lt\/et\/toode\/vesipiip-honey-sigh-mini-exclusive-dragon-and-tiger\/","title":{"rendered":"Vesipiip HONEY SIGH Mini eksklusiivne draakon ja tiiger"},"content":{"rendered":"<h2>Vesipiip HONEY SIGH Mini eksklusiivne draakon ja tiiger<\/h2>\n<p>Ainulaadne vesipiibu disain on piiratud v\u00e4ljaandes. Vesipiibu kaunistatud konks on k\u00e4sitsi valmistatud. Vesipiip on valmistatud roostevabast terasest AISI 304 kvaliteetsete detailide t\u00e4pse t\u00f6\u00f6tlemisega. V\u00e4ljalaskes\u00fcsteem koosneb 5 klapist, mis puhuvad esimest korda kolvist suitsu v\u00e4lja, samuti jahutavad topsi.<\/p>\n<p><strong>Spetsifikatsioon:<\/strong><br \/>\nVeoj\u00f5ud: klassikaline (keskmine)<br \/>\nVooliku pistik: O-r\u00f5ngas<br \/>\nPuhumisventiilid: 5 tk.<br \/>\nMaterjal: roostevaba teras<\/p>\n<p><strong>Varustus:<\/strong><br \/>\nVarre (vars) 32 cm<br \/>\nPlaat 16 cm<br \/>\nHuulik<br \/>\nVooliku pistik<br \/>\nVoolik (Soft Touch)<br \/>\nMinikolb (kuldne)<br \/>\nTihendid (2 tk.)<br \/>\nPlastikust puhastusventiil (5 tk.)<br \/>\nKarp vesipiibu jaoks<\/p>\n<p>Kas teil on k\u00fcsimusi? v\u00f5ta meiega \u00fchendust\u00a0<a href=\"https:\/\/hookahshop.lt\/et\/kontaktid\/\">kontaktide leht<\/a>\u00a0v\u00f5i saatke meile e-kiri aadressil\u00a0<a href=\"https:\/\/facebook.com\/HookahShop.lt\/\" target=\"_blank\" rel=\"noopener noreferrer\">Facebooki konto<\/a>\u00a0ja vastame teie taotlusele samal p\u00e4eval.<\/p>","protected":false},"excerpt":{"rendered":"<p>Vesipiibu HONEY SIGH Mini eksklusiivne draakon ja tiiger Vesipiibu ainulaadne disain on piiratud v\u00e4ljaanne. Vesipiibu kaunistatud konks on k\u00e4sitsi valmistatud. Vesipiip on valmistatud roostevabast terasest AISI 304 kvaliteetsete detailide t\u00e4pse t\u00f6\u00f6tlemisega. V\u00e4ljalaskes\u00fcsteem koosneb 5 klapist, mis puhuvad esimest korda kolvist suitsu v\u00e4lja, samuti jahutavad topsi. Spetsifikatsioon: veoj\u00f5ud: klassikaline [\u2026]<\/p>","protected":false},"featured_media":22040,"comment_status":"open","ping_status":"closed","template":"","meta":[],"_links":{"self":[{"href":"https:\/\/hookahshop.lt\/et\/wp-json\/wp\/v2\/product\/22039"}],"collection":[{"href":"https:\/\/hookahshop.lt\/et\/wp-json\/wp\/v2\/product"}],"about":[{"href":"https:\/\/hookahshop.lt\/et\/wp-json\/wp\/v2\/types\/product"}],"replies":[{"embeddable":true,"href":"https:\/\/hookahshop.lt\/et\/wp-json\/wp\/v2\/comments?post=22039"}],"version-history":[{"count":3,"href":"https:\/\/hookahshop.lt\/et\/wp-json\/wp\/v2\/product\/22039\/revisions"}],"predecessor-version":[{"id":34534,"href":"https:\/\/hookahshop.lt\/et\/wp-json\/wp\/v2\/product\/22039\/revisions\/34534"}],"wp:featuredmedia":[{"embeddable":true,"href":"https:\/\/hookahshop.lt\/et\/wp-json\/wp\/v2\/media\/22040"}],"wp:attachment":[{"href":"https:\/\/hookahshop.lt\/et\/wp-json\/wp\/v2\/media?parent=22039"}],"curies":[{"name":"wp","href":"https:\/\/api.w.org\/{rel}","templated":true}]}}