{"id":22060,"date":"2021-04-23T14:55:05","date_gmt":"2021-04-23T11:55:05","guid":{"rendered":"https:\/\/hookahshop.lt\/?post_type=product&#038;p=22060"},"modified":"2026-04-15T23:28:46","modified_gmt":"2026-04-15T20:28:46","slug":"kaljanas-blade-hookah-one-le-black-gold","status":"publish","type":"product","link":"https:\/\/hookahshop.lt\/et\/toode\/vesipiip-blade-hookah-one-le-black-gold\/","title":{"rendered":"Vesipiibu BLADE HOOKAH One LE Black Gold"},"content":{"rendered":"<h2>Vesipiibu BLADE HOOKAH One LE Black Gold<\/h2>\n<p>Roostevabast terasest vesipiip, \u0161ikk must ja kuldne v\u00e4rv. K\u00f5ik roostevabast terasest elemendid on kaetud titaaniga. Samuti on sisseehitatud siirupip\u00fc\u00fcnis.<\/p>\n<p id=\"tw-target-text\" class=\"tw-data-text tw-text-large XcVN5d tw-ta\" dir=\"ltr\" data-placeholder=\"Vertimas\"><strong>Omadused:<\/strong><br \/>\nVesipiibu kaal: umbes 1785 gr<br \/>\nVesipiibu k\u00f5rgus: 595 mm<br \/>\nSisemine v\u00f5ll: roostevaba teras<br \/>\nAlusmaterjal: titaannitriidiga kaetud roostevaba teras<br \/>\nVooliku pistik: magnetiline<br \/>\nVuugimaterjal: titaannitriidiga kaetud roostevaba teras<br \/>\nKlapi\u00fchendus: eemaldatav, keermestatud, kaetud titaannitriidiga<br \/>\nSuuosa: titaaniga kaetud roostevaba teras<br \/>\nHuuliku pikkus: 465 mm<\/p>\n<p dir=\"ltr\" data-placeholder=\"Vertimas\"><strong>Varustus:<\/strong><br \/>\nV\u00f5ll, huulik, plaat<\/p>\n<p dir=\"ltr\" data-placeholder=\"Vertimas\">Kas teil on k\u00fcsimusi? v\u00f5ta meiega \u00fchendust\u00a0<a href=\"https:\/\/hookahshop.lt\/et\/kontaktid\/\">kontaktide leht<\/a>\u00a0v\u00f5i saatke meile e-kiri aadressil\u00a0<a href=\"https:\/\/facebook.com\/HookahShop.lt\/\" target=\"_blank\" rel=\"noopener noreferrer\">Facebooki konto<\/a>\u00a0ja vastame teie taotlusele samal p\u00e4eval.<\/p>","protected":false},"excerpt":{"rendered":"<p>Vesipiip BLADE HOOKAH One LE Black Gold Roostevabast terasest, \u0161ikk mustast ja kullast valmistatud vesipiip. K\u00f5ik roostevabast terasest elemendid on kaetud titaaniga. Samuti on sisseehitatud siirupip\u00fc\u00fcnis. Omadused: Vesipiibu kaal: umbes 1785 gr Konksu k\u00f5rgus: 595 mm Varre sisemine osa: roostevaba teras P\u00f5himaterjal: titaannitriidiga kaetud roostevaba teras Vooliku\u00fchendus: magnetiline [\u2026]<\/p>","protected":false},"featured_media":22061,"comment_status":"open","ping_status":"closed","template":"","meta":[],"_links":{"self":[{"href":"https:\/\/hookahshop.lt\/et\/wp-json\/wp\/v2\/product\/22060"}],"collection":[{"href":"https:\/\/hookahshop.lt\/et\/wp-json\/wp\/v2\/product"}],"about":[{"href":"https:\/\/hookahshop.lt\/et\/wp-json\/wp\/v2\/types\/product"}],"replies":[{"embeddable":true,"href":"https:\/\/hookahshop.lt\/et\/wp-json\/wp\/v2\/comments?post=22060"}],"version-history":[{"count":9,"href":"https:\/\/hookahshop.lt\/et\/wp-json\/wp\/v2\/product\/22060\/revisions"}],"predecessor-version":[{"id":42542,"href":"https:\/\/hookahshop.lt\/et\/wp-json\/wp\/v2\/product\/22060\/revisions\/42542"}],"wp:featuredmedia":[{"embeddable":true,"href":"https:\/\/hookahshop.lt\/et\/wp-json\/wp\/v2\/media\/22061"}],"wp:attachment":[{"href":"https:\/\/hookahshop.lt\/et\/wp-json\/wp\/v2\/media?parent=22060"}],"curies":[{"name":"wp","href":"https:\/\/api.w.org\/{rel}","templated":true}]}}