{"id":22065,"date":"2021-04-23T15:04:22","date_gmt":"2021-04-23T12:04:22","guid":{"rendered":"https:\/\/hookahshop.lt\/?post_type=product&#038;p=22065"},"modified":"2026-04-06T23:28:44","modified_gmt":"2026-04-06T20:28:44","slug":"kaljanas-blade-hookah-one-m-green-gold","status":"publish","type":"product","link":"https:\/\/hookahshop.lt\/et\/toode\/vesipiip-blade-hookah-one-m-green-gold\/","title":{"rendered":"Vesipiibu BLADE HOOKAH \u00dcks M roheline kuld"},"content":{"rendered":"<h2>Vesipiibu BLADE HOOKAH \u00dcks M roheline kuld<\/h2>\n<p>Roostevabast terasest vesipiip, \u0161ikk roheline ja kuldne. K\u00f5ik roostevabast terasest elemendid on kaetud titaaniga. Samuti on sisseehitatud siirupip\u00fc\u00fcnis.<\/p>\n<p><strong>Omadused:<\/strong><br \/>\nVesipiibu kaal: umbes 1785 gr<br \/>\nVesipiibu k\u00f5rgus: 595 mm<br \/>\nSisemine v\u00f5ll: roostevaba teras<br \/>\nV\u00e4lisv\u00f5ll: titaaniga kaetud roostevaba teras<br \/>\nSukeldatud v\u00f5lli osa: titaaniga kaetud roostevaba teras<br \/>\nVooliku\u00fchendus: magnetiline<br \/>\nKlapi \u00fchendus: sisemine<br \/>\nHajuti: eemaldatav, keermestatud, titaaniga kaetud roostevaba teras<br \/>\nSuuosa: titaaniga kaetud roostevaba teras<br \/>\nHuuliku pikkus: 465 mm<\/p>\n<p>Kas teil on k\u00fcsimusi? v\u00f5ta meiega \u00fchendust\u00a0<a href=\"https:\/\/hookahshop.lt\/et\/kontaktid\/\">kontaktide leht<\/a>\u00a0v\u00f5i saatke meile e-kiri aadressil\u00a0<a href=\"https:\/\/facebook.com\/HookahShop.lt\/\" target=\"_blank\" rel=\"noopener noreferrer\">Facebooki konto<\/a>\u00a0ja vastame teie taotlusele samal p\u00e4eval.<\/p>","protected":false},"excerpt":{"rendered":"<p>Vesipiip BLADE HOOKAH One M Green Gold Roostevabast terasest, \u0161ikist rohelisest ja kullast valmistatud vesipiip. K\u00f5ik roostevabast terasest elemendid on kaetud titaaniga. Samuti on sisseehitatud siirupip\u00fc\u00fcnis. Omadused: Vesipiibu kaal: umbes 1785 gr Vesipiibu k\u00f5rgus: 595 mm Varre sisemine osa: roostevaba teras V\u00e4lisv\u00f5ll: titaanist roostevaba teras Sukelv\u00f5lli osa: roostevaba teras, kaetud [\u2026]<\/p>","protected":false},"featured_media":22066,"comment_status":"open","ping_status":"closed","template":"","meta":[],"_links":{"self":[{"href":"https:\/\/hookahshop.lt\/et\/wp-json\/wp\/v2\/product\/22065"}],"collection":[{"href":"https:\/\/hookahshop.lt\/et\/wp-json\/wp\/v2\/product"}],"about":[{"href":"https:\/\/hookahshop.lt\/et\/wp-json\/wp\/v2\/types\/product"}],"replies":[{"embeddable":true,"href":"https:\/\/hookahshop.lt\/et\/wp-json\/wp\/v2\/comments?post=22065"}],"version-history":[{"count":5,"href":"https:\/\/hookahshop.lt\/et\/wp-json\/wp\/v2\/product\/22065\/revisions"}],"predecessor-version":[{"id":42724,"href":"https:\/\/hookahshop.lt\/et\/wp-json\/wp\/v2\/product\/22065\/revisions\/42724"}],"wp:featuredmedia":[{"embeddable":true,"href":"https:\/\/hookahshop.lt\/et\/wp-json\/wp\/v2\/media\/22066"}],"wp:attachment":[{"href":"https:\/\/hookahshop.lt\/et\/wp-json\/wp\/v2\/media?parent=22065"}],"curies":[{"name":"wp","href":"https:\/\/api.w.org\/{rel}","templated":true}]}}