{"id":22069,"date":"2021-04-23T15:13:42","date_gmt":"2021-04-23T12:13:42","guid":{"rendered":"https:\/\/hookahshop.lt\/?post_type=product&#038;p=22069"},"modified":"2026-04-08T13:49:17","modified_gmt":"2026-04-08T10:49:17","slug":"jungtis-kaljanui-alpha-hookah","status":"publish","type":"product","link":"https:\/\/hookahshop.lt\/et\/toode\/konksu-pistik-alpha-hookah\/","title":{"rendered":"Konksu pistik ALPHA HOOKAH"},"content":{"rendered":"<h2>Konksu pistik ALPHA HOOKAH<\/h2>\n<p>Alpha Hookah vooliku\u00fchendus (magnetiline) on uus magnet\u00fchendusmudel, mis sobib k\u00f5ikidele Alpha Hookah Model X, Kappa ja S mudelitele.<\/p>\n<p><strong>Omadused:<\/strong><br \/>\nPikkus: 42mm<br \/>\nV\u00e4lisl\u00e4bim\u00f5\u00f5t: 12 mm<br \/>\nKaal: umbes 10 grammi<\/p>\n<p>Kas teil on k\u00fcsimusi? v\u00f5ta meiega \u00fchendust\u00a0<a href=\"https:\/\/hookahshop.lt\/et\/kontaktid\/\">kontaktide leht<\/a>\u00a0v\u00f5i saatke meile e-kiri aadressil\u00a0<a href=\"https:\/\/facebook.com\/HookahShop.lt\/\" target=\"_blank\" rel=\"noopener noreferrer\">Facebooki konto<\/a>\u00a0ja vastame teie taotlusele samal p\u00e4eval.<\/p>","protected":false},"excerpt":{"rendered":"<p>Konks\u00fchendus ALPHA HOOKAH Alpha Hookah vooliku\u00fchendus (magnetiline) on uus magnet\u00fchenduse mudel, mis sobib k\u00f5ikidele Alpha Hookah Model X, Kappa ja S mudelitele. Omadused: Pikkus: 42mm V\u00e4lisl\u00e4bim\u00f5\u00f5t: 12mm Kaal: umbes 10 grammi K\u00fcsimused? V\u00f5tke meiega \u00fchendust kontaktide lehel v\u00f5i kirjutage meile oma Facebooki kontol ja vastame teie p\u00e4ringule samal p\u00e4eval.<\/p>","protected":false},"featured_media":22070,"comment_status":"open","ping_status":"closed","template":"","meta":[],"_links":{"self":[{"href":"https:\/\/hookahshop.lt\/et\/wp-json\/wp\/v2\/product\/22069"}],"collection":[{"href":"https:\/\/hookahshop.lt\/et\/wp-json\/wp\/v2\/product"}],"about":[{"href":"https:\/\/hookahshop.lt\/et\/wp-json\/wp\/v2\/types\/product"}],"replies":[{"embeddable":true,"href":"https:\/\/hookahshop.lt\/et\/wp-json\/wp\/v2\/comments?post=22069"}],"version-history":[{"count":6,"href":"https:\/\/hookahshop.lt\/et\/wp-json\/wp\/v2\/product\/22069\/revisions"}],"predecessor-version":[{"id":45296,"href":"https:\/\/hookahshop.lt\/et\/wp-json\/wp\/v2\/product\/22069\/revisions\/45296"}],"wp:featuredmedia":[{"embeddable":true,"href":"https:\/\/hookahshop.lt\/et\/wp-json\/wp\/v2\/media\/22070"}],"wp:attachment":[{"href":"https:\/\/hookahshop.lt\/et\/wp-json\/wp\/v2\/media?parent=22069"}],"curies":[{"name":"wp","href":"https:\/\/api.w.org\/{rel}","templated":true}]}}