{"id":22073,"date":"2021-04-23T15:20:40","date_gmt":"2021-04-23T12:20:40","guid":{"rendered":"https:\/\/hookahshop.lt\/?post_type=product&#038;p=22073"},"modified":"2026-04-08T13:49:16","modified_gmt":"2026-04-08T10:49:16","slug":"difuzorius-kaljanui-alpha-hookah","status":"publish","type":"product","link":"https:\/\/hookahshop.lt\/et\/toode\/difuusor-vesippiibu-alpha-hookah\/","title":{"rendered":"Difuusor vesipiibu ALPHA HOOKAH"},"content":{"rendered":"<h2>Difuusor vesipiibu ALPHA HOOKAH<\/h2>\n<p>See on v\u00e4ike otsik, millel on palju v\u00e4ikseid roostevabast terasest auke. Hajuti on paigaldatud v\u00f5lli otsa.<\/p>\n<p><strong>Vesipiibu difuusori eelised:<\/strong><br \/>\n1. Hajutit l\u00e4biv \u00f5huvool purustab pirnis olevad mullid paljudeks v\u00e4ikesteks. Nii on suitsu kergem ligi t\u00f5mmata.<br \/>\n2. V\u00e4ikesed mullid \u00fcletavad vee pindpinevust kergemini kui suured. See v\u00e4hendab suitsetamise ajal m\u00fcrataset.<\/p>\n<p><strong>Omadused:<\/strong><br \/>\nPikkus: 14mm<br \/>\nSisemine l\u00e4bim\u00f5\u00f5t: 18 mm<br \/>\nKaal: umbes 23 grammi<\/p>\n<p>Kas teil on k\u00fcsimusi? v\u00f5ta meiega \u00fchendust\u00a0<a href=\"https:\/\/hookahshop.lt\/et\/kontaktid\/\">kontaktide leht<\/a>\u00a0v\u00f5i saatke meile e-kiri aadressil\u00a0<a href=\"https:\/\/facebook.com\/HookahShop.lt\/\" target=\"_blank\" rel=\"noopener noreferrer\">Facebooki konto<\/a>\u00a0ja vastame teie taotlusele samal p\u00e4eval.<\/p>","protected":false},"excerpt":{"rendered":"<p>Vesipiibu difuusor ALPHA HOOKAH See on v\u00e4ike otsik, millel on palju v\u00e4ikseid roostevabast terasest auke. Hajuti on paigaldatud v\u00f5lli otsa. Vesipiibu difuusori eelised: 1. Hajutit l\u00e4biv \u00f5huvool l\u00f5hub pirnis olevad mullid paljudeks v\u00e4ikesteks. Nii on suitsu kergem ligi t\u00f5mmata. 2. V\u00e4ikesed mullid \u00fcletavad vee pindpinevust kergemini kui suured. See v\u00e4hendab suitsetamise ajal m\u00fcrataset. [\u2026]<\/p>","protected":false},"featured_media":22074,"comment_status":"open","ping_status":"closed","template":"","meta":[],"_links":{"self":[{"href":"https:\/\/hookahshop.lt\/et\/wp-json\/wp\/v2\/product\/22073"}],"collection":[{"href":"https:\/\/hookahshop.lt\/et\/wp-json\/wp\/v2\/product"}],"about":[{"href":"https:\/\/hookahshop.lt\/et\/wp-json\/wp\/v2\/types\/product"}],"replies":[{"embeddable":true,"href":"https:\/\/hookahshop.lt\/et\/wp-json\/wp\/v2\/comments?post=22073"}],"version-history":[{"count":3,"href":"https:\/\/hookahshop.lt\/et\/wp-json\/wp\/v2\/product\/22073\/revisions"}],"predecessor-version":[{"id":23284,"href":"https:\/\/hookahshop.lt\/et\/wp-json\/wp\/v2\/product\/22073\/revisions\/23284"}],"wp:featuredmedia":[{"embeddable":true,"href":"https:\/\/hookahshop.lt\/et\/wp-json\/wp\/v2\/media\/22074"}],"wp:attachment":[{"href":"https:\/\/hookahshop.lt\/et\/wp-json\/wp\/v2\/media?parent=22073"}],"curies":[{"name":"wp","href":"https:\/\/api.w.org\/{rel}","templated":true}]}}